{"id":15,"date":"2024-06-17T17:58:14","date_gmt":"2024-06-17T15:58:14","guid":{"rendered":"https:\/\/ets-tournadre.fr\/?page_id=15"},"modified":"2024-06-28T14:10:54","modified_gmt":"2024-06-28T12:10:54","slug":"plomberie","status":"publish","type":"page","link":"https:\/\/ets-tournadre.fr\/?page_id=15","title":{"rendered":"Plomberie"},"content":{"rendered":"\t\t<div data-elementor-type=\"wp-page\" data-elementor-id=\"15\" class=\"elementor elementor-15\">\n\t\t\t\t<div class=\"elementor-element elementor-element-53173de e-flex e-con-boxed e-con e-parent\" data-id=\"53173de\" data-element_type=\"container\">\n\t\t\t\t\t<div class=\"e-con-inner\">\n\t\t\t\t<div class=\"elementor-element elementor-element-823805c elementor-widget elementor-widget-image\" data-id=\"823805c\" data-element_type=\"widget\" data-widget_type=\"image.default\">\n\t\t\t\t<div class=\"elementor-widget-container\">\n\t\t\t<style>\/*! elementor - v3.22.0 - 26-06-2024 *\/\n.elementor-widget-image{text-align:center}.elementor-widget-image a{display:inline-block}.elementor-widget-image a img[src$=\".svg\"]{width:48px}.elementor-widget-image img{vertical-align:middle;display:inline-block}<\/style>\t\t\t\t\t\t\t\t\t\t<img decoding=\"async\" src=\"https:\/\/ets-tournadre.fr\/wp-content\/uploads\/2024\/06\/service-reparation-plomberie_181624-27146.avif\" title=\"service-reparation-plomberie_181624-27146\" alt=\"service-reparation-plomberie_181624-27146\" loading=\"lazy\" \/>\t\t\t\t\t\t\t\t\t\t\t\t\t<\/div>\n\t\t\t\t<\/div>\n\t\t\t\t\t<\/div>\n\t\t\t\t<\/div>\n\t\t<div class=\"elementor-element elementor-element-dc22275 e-flex e-con-boxed e-con e-parent\" data-id=\"dc22275\" data-element_type=\"container\">\n\t\t\t\t\t<div class=\"e-con-inner\">\n\t\t\t\t<div class=\"elementor-element elementor-element-706e693 elementor-widget elementor-widget-heading\" data-id=\"706e693\" data-element_type=\"widget\" data-widget_type=\"heading.default\">\n\t\t\t\t<div class=\"elementor-widget-container\">\n\t\t\t<style>\/*! elementor - v3.22.0 - 26-06-2024 *\/\n.elementor-heading-title{padding:0;margin:0;line-height:1}.elementor-widget-heading .elementor-heading-title[class*=elementor-size-]>a{color:inherit;font-size:inherit;line-height:inherit}.elementor-widget-heading .elementor-heading-title.elementor-size-small{font-size:15px}.elementor-widget-heading .elementor-heading-title.elementor-size-medium{font-size:19px}.elementor-widget-heading .elementor-heading-title.elementor-size-large{font-size:29px}.elementor-widget-heading .elementor-heading-title.elementor-size-xl{font-size:39px}.elementor-widget-heading .elementor-heading-title.elementor-size-xxl{font-size:59px}<\/style><h2 class=\"elementor-heading-title elementor-size-default\"><span style=\"color: rgb(100, 100, 100); font-family: Montserrat, &quot;Montserrat Fallback&quot;; font-size: 50px; text-align: center; white-space-collapse: collapse; background-color: rgba(255, 255, 255, 0.6);\">Plomberie \u00e0 Clermont-Ferrand<\/span><\/h2>\t\t<\/div>\n\t\t\t\t<\/div>\n\t\t\t\t\t<\/div>\n\t\t\t\t<\/div>\n\t\t<div class=\"elementor-element elementor-element-7ecb5f6 e-flex e-con-boxed e-con e-parent\" data-id=\"7ecb5f6\" data-element_type=\"container\">\n\t\t\t\t\t<div class=\"e-con-inner\">\n\t\t<div class=\"elementor-element elementor-element-5e1146a e-con-full e-flex e-con e-child\" data-id=\"5e1146a\" data-element_type=\"container\">\n\t\t\t\t<div class=\"elementor-element elementor-element-74e43f5 elementor-widget elementor-widget-heading\" data-id=\"74e43f5\" data-element_type=\"widget\" data-widget_type=\"heading.default\">\n\t\t\t\t<div class=\"elementor-widget-container\">\n\t\t\t<h2 class=\"elementor-heading-title elementor-size-default\">Nos services <\/h2>\t\t<\/div>\n\t\t\t\t<\/div>\n\t\t\t\t<div class=\"elementor-element elementor-element-d2d8414 elementor-widget__width-initial elementor-widget elementor-widget-heading\" data-id=\"d2d8414\" data-element_type=\"widget\" data-widget_type=\"heading.default\">\n\t\t\t\t<div class=\"elementor-widget-container\">\n\t\t\t<h2 class=\"elementor-heading-title elementor-size-default\">L'entreprise Tournadre, \u00e0 Clermont-Ferrand dans le d\u00e9partement du Puy-de-D\u00f4me, est sp\u00e9cialis\u00e9e dans la plomberie, la cr\u00e9ation et l'installation de salle de bains, le chauffage, la couverture et le ramonage de votre habitation et dispose du mat\u00e9riel et outillage adapt\u00e9s \u00e0 vos demandes (\u00e9chafaudage, camion nacelle, camion benne, organe s\u00e9curit\u00e9, monte mat\u00e9riaux, etc.).<\/h2>\t\t<\/div>\n\t\t\t\t<\/div>\n\t\t\t\t<\/div>\n\t\t\t\t\t<\/div>\n\t\t\t\t<\/div>\n\t\t<div class=\"elementor-element elementor-element-88e816d e-flex e-con-boxed e-con e-parent\" data-id=\"88e816d\" data-element_type=\"container\">\n\t\t\t\t\t<div class=\"e-con-inner\">\n\t\t<div class=\"elementor-element elementor-element-efef750 e-con-full e-flex e-con e-child\" data-id=\"efef750\" data-element_type=\"container\">\n\t\t\t\t<div class=\"elementor-element elementor-element-fa9dae6 elementor-widget elementor-widget-image\" data-id=\"fa9dae6\" data-element_type=\"widget\" data-widget_type=\"image.default\">\n\t\t\t\t<div class=\"elementor-widget-container\">\n\t\t\t\t\t\t\t\t\t\t\t\t\t<img fetchpriority=\"high\" decoding=\"async\" width=\"800\" height=\"405\" src=\"https:\/\/ets-tournadre.fr\/wp-content\/uploads\/2024\/06\/image_123650291-7-1-1024x518.jpg\" class=\"attachment-large size-large wp-image-110\" alt=\"\" srcset=\"https:\/\/ets-tournadre.fr\/wp-content\/uploads\/2024\/06\/image_123650291-7-1-1024x518.jpg 1024w, https:\/\/ets-tournadre.fr\/wp-content\/uploads\/2024\/06\/image_123650291-7-1-300x152.jpg 300w, https:\/\/ets-tournadre.fr\/wp-content\/uploads\/2024\/06\/image_123650291-7-1-768x389.jpg 768w, https:\/\/ets-tournadre.fr\/wp-content\/uploads\/2024\/06\/image_123650291-7-1.jpg 1170w\" sizes=\"(max-width: 800px) 100vw, 800px\" \/>\t\t\t\t\t\t\t\t\t\t\t\t\t<\/div>\n\t\t\t\t<\/div>\n\t\t\t\t<\/div>\n\t\t<div class=\"elementor-element elementor-element-1eb470f e-con-full e-flex e-con e-child\" data-id=\"1eb470f\" data-element_type=\"container\">\n\t\t<div class=\"elementor-element elementor-element-630fa52 e-con-full e-flex e-con e-child\" data-id=\"630fa52\" data-element_type=\"container\">\n\t\t\t\t<div class=\"elementor-element elementor-element-1232750 elementor-widget elementor-widget-heading\" data-id=\"1232750\" data-element_type=\"widget\" data-widget_type=\"heading.default\">\n\t\t\t\t<div class=\"elementor-widget-container\">\n\t\t\t<h2 class=\"elementor-heading-title elementor-size-default\">Plomberie : Remplacement et installation<\/h2>\t\t<\/div>\n\t\t\t\t<\/div>\n\t\t\t\t<\/div>\n\t\t<div class=\"elementor-element elementor-element-8835e3e e-con-full e-flex e-con e-child\" data-id=\"8835e3e\" data-element_type=\"container\">\n\t\t\t\t<div class=\"elementor-element elementor-element-749db57 elementor-widget elementor-widget-text-editor\" data-id=\"749db57\" data-element_type=\"widget\" data-widget_type=\"text-editor.default\">\n\t\t\t\t<div class=\"elementor-widget-container\">\n\t\t\t<style>\/*! elementor - v3.22.0 - 26-06-2024 *\/\n.elementor-widget-text-editor.elementor-drop-cap-view-stacked .elementor-drop-cap{background-color:#69727d;color:#fff}.elementor-widget-text-editor.elementor-drop-cap-view-framed .elementor-drop-cap{color:#69727d;border:3px solid;background-color:transparent}.elementor-widget-text-editor:not(.elementor-drop-cap-view-default) .elementor-drop-cap{margin-top:8px}.elementor-widget-text-editor:not(.elementor-drop-cap-view-default) .elementor-drop-cap-letter{width:1em;height:1em}.elementor-widget-text-editor .elementor-drop-cap{float:left;text-align:center;line-height:1;font-size:50px}.elementor-widget-text-editor .elementor-drop-cap-letter{display:inline-block}<\/style>\t\t\t\t<h2 style=\"font-family: Roboto, sans-serif; color: #000000; font-size: 12px;\" data-elementor-setting-key=\"title\" data-pen-placeholder=\"\u00c9crivez ici...\">Plomberie<\/h2><h2 style=\"font-family: Roboto, sans-serif; color: #000000; font-size: 12px;\" data-elementor-setting-key=\"title\" data-pen-placeholder=\"\u00c9crivez ici...\">\u00a0 <br \/>\u2022 Neuf et r\u00e9novation <br \/>\u2022 D\u00e9pannage <br \/>\u2022 Cr\u00e9ation de branchement de machine \u00e0 laver<br \/>\u2022 Pose de compteur individuel\u00a0<\/h2><h2 style=\"font-family: Roboto, sans-serif; color: #000000; font-size: 12px;\" data-elementor-setting-key=\"title\" data-pen-placeholder=\"\u00c9crivez ici...\"><span style=\"text-align: var(--text-align);\">Remplacement et installation<br \/><\/span>\u2022 Chauffe-eau <br \/>\u2022 Robinetterie <br \/>\u2022 Canalisations <br \/>\u2022 Fonte, cuivre <br \/>\u2022 Acier galvanis\u00e9 <br \/><br \/>CERTIFICATION, AGR\u00c9MENT&#8230;<br \/>\u2022 RGE Qualibat <br \/>\u2022 PGN PGP <br \/>\u2022 RGE Reconnu Garant de l&rsquo;Environnement <br \/>\u2022 Ouvriers qualifi\u00e9s dans chaque domaine<\/h2><h2 style=\"font-family: Roboto, sans-serif; color: #000000; font-size: 12px;\" data-elementor-setting-key=\"title\" data-pen-placeholder=\"\u00c9crivez ici...\">\u00a0<\/h2>\t\t\t\t\t\t<\/div>\n\t\t\t\t<\/div>\n\t\t\t\t<div class=\"elementor-element elementor-element-6125454 elementor-align-center elementor-widget elementor-widget-button\" data-id=\"6125454\" data-element_type=\"widget\" data-widget_type=\"button.default\">\n\t\t\t\t<div class=\"elementor-widget-container\">\n\t\t\t\t\t<div class=\"elementor-button-wrapper\">\n\t\t\t<a class=\"elementor-button elementor-button-link elementor-size-sm\" href=\"#\">\n\t\t\t\t\t\t<span class=\"elementor-button-content-wrapper\">\n\t\t\t\t\t\t\t\t\t<span class=\"elementor-button-text\">Contactez-nous<\/span>\n\t\t\t\t\t<\/span>\n\t\t\t\t\t<\/a>\n\t\t<\/div>\n\t\t\t\t<\/div>\n\t\t\t\t<\/div>\n\t\t\t\t<\/div>\n\t\t\t\t<\/div>\n\t\t\t\t\t<\/div>\n\t\t\t\t<\/div>\n\t\t<div class=\"elementor-element elementor-element-a65de23 e-flex e-con-boxed e-con e-parent\" data-id=\"a65de23\" data-element_type=\"container\">\n\t\t\t\t\t<div class=\"e-con-inner\">\n\t\t<div class=\"elementor-element elementor-element-c2b364f e-con-full e-flex e-con e-child\" data-id=\"c2b364f\" data-element_type=\"container\">\n\t\t\t\t<div class=\"elementor-element elementor-element-6d41996 elementor-widget elementor-widget-image\" data-id=\"6d41996\" data-element_type=\"widget\" data-widget_type=\"image.default\">\n\t\t\t\t<div class=\"elementor-widget-container\">\n\t\t\t\t\t\t\t\t\t\t\t\t\t<img decoding=\"async\" width=\"397\" height=\"283\" src=\"https:\/\/ets-tournadre.fr\/wp-content\/uploads\/2024\/06\/1449294_8f08a.jpg\" class=\"attachment-large size-large wp-image-283\" alt=\"\" srcset=\"https:\/\/ets-tournadre.fr\/wp-content\/uploads\/2024\/06\/1449294_8f08a.jpg 397w, https:\/\/ets-tournadre.fr\/wp-content\/uploads\/2024\/06\/1449294_8f08a-300x214.jpg 300w\" sizes=\"(max-width: 397px) 100vw, 397px\" \/>\t\t\t\t\t\t\t\t\t\t\t\t\t<\/div>\n\t\t\t\t<\/div>\n\t\t\t\t<\/div>\n\t\t<div class=\"elementor-element elementor-element-7ffc6a3 e-con-full e-flex e-con e-child\" data-id=\"7ffc6a3\" data-element_type=\"container\">\n\t\t\t\t<div class=\"elementor-element elementor-element-8f6c487 elementor-widget elementor-widget-image\" data-id=\"8f6c487\" data-element_type=\"widget\" data-widget_type=\"image.default\">\n\t\t\t\t<div class=\"elementor-widget-container\">\n\t\t\t\t\t\t\t\t\t\t\t\t\t<img decoding=\"async\" width=\"397\" height=\"283\" src=\"https:\/\/ets-tournadre.fr\/wp-content\/uploads\/2024\/06\/1449294_8f08a.jpg\" class=\"attachment-large size-large wp-image-283\" alt=\"\" srcset=\"https:\/\/ets-tournadre.fr\/wp-content\/uploads\/2024\/06\/1449294_8f08a.jpg 397w, https:\/\/ets-tournadre.fr\/wp-content\/uploads\/2024\/06\/1449294_8f08a-300x214.jpg 300w\" sizes=\"(max-width: 397px) 100vw, 397px\" \/>\t\t\t\t\t\t\t\t\t\t\t\t\t<\/div>\n\t\t\t\t<\/div>\n\t\t\t\t<\/div>\n\t\t\t\t\t<\/div>\n\t\t\t\t<\/div>\n\t\t<div class=\"elementor-element elementor-element-2efa1e8 e-con-full e-flex e-con e-parent\" data-id=\"2efa1e8\" data-element_type=\"container\">\n\t\t\t\t<div class=\"elementor-element elementor-element-13e7a33 elementor-widget elementor-widget-heading\" data-id=\"13e7a33\" data-element_type=\"widget\" data-widget_type=\"heading.default\">\n\t\t\t\t<div class=\"elementor-widget-container\">\n\t\t\t<h2 class=\"elementor-heading-title elementor-size-default\">Certification, agr\u00e9ment...<\/h2>\t\t<\/div>\n\t\t\t\t<\/div>\n\t\t\t\t<\/div>\n\t\t<div class=\"elementor-element elementor-element-4dc448f e-flex e-con-boxed e-con e-parent\" data-id=\"4dc448f\" data-element_type=\"container\">\n\t\t\t\t\t<div class=\"e-con-inner\">\n\t\t<div class=\"elementor-element elementor-element-be30060 e-con-full e-flex e-con e-child\" data-id=\"be30060\" data-element_type=\"container\">\n\t\t\t\t<div class=\"elementor-element elementor-element-5caa546 elementor-widget elementor-widget-text-editor\" data-id=\"5caa546\" data-element_type=\"widget\" data-widget_type=\"text-editor.default\">\n\t\t\t\t<div class=\"elementor-widget-container\">\n\t\t\t\t\t\t\t<ul><li>RGE Qualibat<\/li><li>PGN PGP<\/li><li>RGE Reconnu Garant de l&rsquo;Environnement<\/li><li>Ouvriers qualifi\u00e9s dans chaque domaine<\/li><\/ul>\t\t\t\t\t\t<\/div>\n\t\t\t\t<\/div>\n\t\t\t\t<\/div>\n\t\t<div class=\"elementor-element elementor-element-2231e5a e-con-full e-flex e-con e-child\" data-id=\"2231e5a\" data-element_type=\"container\">\n\t\t\t\t<div class=\"elementor-element elementor-element-4477c62 elementor-widget__width-initial elementor-widget elementor-widget-image\" data-id=\"4477c62\" data-element_type=\"widget\" data-widget_type=\"image.default\">\n\t\t\t\t<div class=\"elementor-widget-container\">\n\t\t\t\t\t\t\t\t\t\t\t\t\t<img decoding=\"async\" width=\"800\" height=\"835\" src=\"https:\/\/ets-tournadre.fr\/wp-content\/uploads\/2024\/06\/image_123650291-8-1-981x1024.jpg\" class=\"attachment-large size-large wp-image-112\" alt=\"\" srcset=\"https:\/\/ets-tournadre.fr\/wp-content\/uploads\/2024\/06\/image_123650291-8-1-981x1024.jpg 981w, https:\/\/ets-tournadre.fr\/wp-content\/uploads\/2024\/06\/image_123650291-8-1-287x300.jpg 287w, https:\/\/ets-tournadre.fr\/wp-content\/uploads\/2024\/06\/image_123650291-8-1-768x802.jpg 768w, https:\/\/ets-tournadre.fr\/wp-content\/uploads\/2024\/06\/image_123650291-8-1.jpg 1098w\" sizes=\"(max-width: 800px) 100vw, 800px\" \/>\t\t\t\t\t\t\t\t\t\t\t\t\t<\/div>\n\t\t\t\t<\/div>\n\t\t\t\t<\/div>\n\t\t\t\t\t<\/div>\n\t\t\t\t<\/div>\n\t\t<div class=\"elementor-element elementor-element-39aa456 e-flex e-con-boxed e-con e-parent\" data-id=\"39aa456\" data-element_type=\"container\">\n\t\t\t\t\t<div class=\"e-con-inner\">\n\t\t\t\t<div class=\"elementor-element elementor-element-4ede498 elementor-widget elementor-widget-image\" data-id=\"4ede498\" data-element_type=\"widget\" data-widget_type=\"image.default\">\n\t\t\t\t<div class=\"elementor-widget-container\">\n\t\t\t\t\t\t\t\t\t\t\t\t\t<img loading=\"lazy\" decoding=\"async\" width=\"96\" height=\"72\" src=\"https:\/\/ets-tournadre.fr\/wp-content\/uploads\/2024\/06\/cropped-logo-1-1-e1719575441449.png\" class=\"attachment-large size-large wp-image-284\" alt=\"\" \/>\t\t\t\t\t\t\t\t\t\t\t\t\t<\/div>\n\t\t\t\t<\/div>\n\t\t\t\t\t<\/div>\n\t\t\t\t<\/div>\n\t\t<div class=\"elementor-element elementor-element-6cc5dc8 e-flex e-con-boxed e-con e-parent\" data-id=\"6cc5dc8\" data-element_type=\"container\">\n\t\t\t\t\t<div class=\"e-con-inner\">\n\t\t\t\t<div class=\"elementor-element elementor-element-e70e093 elementor-widget elementor-widget-text-editor\" data-id=\"e70e093\" data-element_type=\"widget\" data-widget_type=\"text-editor.default\">\n\t\t\t\t<div class=\"elementor-widget-container\">\n\t\t\t\t\t\t\t<h2 id=\"1215866058\" class=\"u_1215866058 dmNewParagraph\" data-element-type=\"paragraph\">Besoin de plus d&rsquo;informations ?<\/h2>\t\t\t\t\t\t<\/div>\n\t\t\t\t<\/div>\n\t\t\t\t\t<\/div>\n\t\t\t\t<\/div>\n\t\t<div class=\"elementor-element elementor-element-df6c165 e-flex e-con-boxed e-con e-parent\" data-id=\"df6c165\" data-element_type=\"container\">\n\t\t\t\t\t<div class=\"e-con-inner\">\n\t\t\t\t<div class=\"elementor-element elementor-element-8090f01 elementor-align-center elementor-widget elementor-widget-button\" data-id=\"8090f01\" data-element_type=\"widget\" data-widget_type=\"button.default\">\n\t\t\t\t<div class=\"elementor-widget-container\">\n\t\t\t\t\t<div class=\"elementor-button-wrapper\">\n\t\t\t<a class=\"elementor-button elementor-button-link elementor-size-sm\" href=\"\">\n\t\t\t\t\t\t<span class=\"elementor-button-content-wrapper\">\n\t\t\t\t\t\t\t\t\t<span class=\"elementor-button-text\">Contactez-nous !<\/span>\n\t\t\t\t\t<\/span>\n\t\t\t\t\t<\/a>\n\t\t<\/div>\n\t\t\t\t<\/div>\n\t\t\t\t<\/div>\n\t\t\t\t\t<\/div>\n\t\t\t\t<\/div>\n\t\t\t\t<\/div>\n\t\t","protected":false},"excerpt":{"rendered":"<p>Plomberie \u00e0 Clermont-Ferrand Nos services L&rsquo;entreprise Tournadre, \u00e0 Clermont-Ferrand dans le d\u00e9partement du Puy-de-D\u00f4me, est sp\u00e9cialis\u00e9e dans la plomberie, la cr\u00e9ation et l&rsquo;installation de salle de bains, le chauffage, la &#8230;<\/p>\n","protected":false},"author":1,"featured_media":0,"parent":0,"menu_order":0,"comment_status":"closed","ping_status":"closed","template":"","meta":{"footnotes":""},"class_list":["post-15","page","type-page","status-publish","hentry"],"_links":{"self":[{"href":"https:\/\/ets-tournadre.fr\/index.php?rest_route=\/wp\/v2\/pages\/15","targetHints":{"allow":["GET"]}}],"collection":[{"href":"https:\/\/ets-tournadre.fr\/index.php?rest_route=\/wp\/v2\/pages"}],"about":[{"href":"https:\/\/ets-tournadre.fr\/index.php?rest_route=\/wp\/v2\/types\/page"}],"author":[{"embeddable":true,"href":"https:\/\/ets-tournadre.fr\/index.php?rest_route=\/wp\/v2\/users\/1"}],"replies":[{"embeddable":true,"href":"https:\/\/ets-tournadre.fr\/index.php?rest_route=%2Fwp%2Fv2%2Fcomments&post=15"}],"version-history":[{"count":13,"href":"https:\/\/ets-tournadre.fr\/index.php?rest_route=\/wp\/v2\/pages\/15\/revisions"}],"predecessor-version":[{"id":291,"href":"https:\/\/ets-tournadre.fr\/index.php?rest_route=\/wp\/v2\/pages\/15\/revisions\/291"}],"wp:attachment":[{"href":"https:\/\/ets-tournadre.fr\/index.php?rest_route=%2Fwp%2Fv2%2Fmedia&parent=15"}],"curies":[{"name":"wp","href":"https:\/\/api.w.org\/{rel}","templated":true}]}}