{"id":180,"date":"2024-06-25T09:49:01","date_gmt":"2024-06-25T07:49:01","guid":{"rendered":"https:\/\/ets-tournadre.fr\/?page_id=180"},"modified":"2024-07-01T09:18:25","modified_gmt":"2024-07-01T07:18:25","slug":"notre-equipe","status":"publish","type":"page","link":"https:\/\/ets-tournadre.fr\/?page_id=180","title":{"rendered":"Notre \u00e9quipe"},"content":{"rendered":"\t\t<div data-elementor-type=\"wp-page\" data-elementor-id=\"180\" class=\"elementor elementor-180\">\n\t\t\t\t<div class=\"elementor-element elementor-element-844c9c4 e-flex e-con-boxed e-con e-parent\" data-id=\"844c9c4\" data-element_type=\"container\">\n\t\t\t\t\t<div class=\"e-con-inner\">\n\t\t\t\t<div class=\"elementor-element elementor-element-15d41fe elementor-widget elementor-widget-text-editor\" data-id=\"15d41fe\" data-element_type=\"widget\" data-widget_type=\"text-editor.default\">\n\t\t\t\t<div class=\"elementor-widget-container\">\n\t\t\t<style>\/*! elementor - v3.22.0 - 26-06-2024 *\/\n.elementor-widget-text-editor.elementor-drop-cap-view-stacked .elementor-drop-cap{background-color:#69727d;color:#fff}.elementor-widget-text-editor.elementor-drop-cap-view-framed .elementor-drop-cap{color:#69727d;border:3px solid;background-color:transparent}.elementor-widget-text-editor:not(.elementor-drop-cap-view-default) .elementor-drop-cap{margin-top:8px}.elementor-widget-text-editor:not(.elementor-drop-cap-view-default) .elementor-drop-cap-letter{width:1em;height:1em}.elementor-widget-text-editor .elementor-drop-cap{float:left;text-align:center;line-height:1;font-size:50px}.elementor-widget-text-editor .elementor-drop-cap-letter{display:inline-block}<\/style>\t\t\t\t<p>Ets TOURNADRE \u00e0 Clermont-Ferrand, o\u00f9 notre \u00e9quipe d\u00e9vou\u00e9e et exp\u00e9riment\u00e9e est \u00e0 votre service pour tous vos besoins en plomberie. Compos\u00e9e de professionnels qualifi\u00e9s et passionn\u00e9s, notre \u00e9quipe s&rsquo;engage \u00e0 fournir des solutions de haute qualit\u00e9 et \u00e0 r\u00e9pondre \u00e0 vos attentes avec pr\u00e9cision et efficacit\u00e9.<\/p>\t\t\t\t\t\t<\/div>\n\t\t\t\t<\/div>\n\t\t\t\t\t<\/div>\n\t\t\t\t<\/div>\n\t\t<div class=\"elementor-element elementor-element-05fe32e e-flex e-con-boxed e-con e-parent\" data-id=\"05fe32e\" data-element_type=\"container\">\n\t\t\t\t\t<div class=\"e-con-inner\">\n\t\t<div class=\"elementor-element elementor-element-6952c0f e-con-full e-flex e-con e-child\" data-id=\"6952c0f\" data-element_type=\"container\">\n\t\t\t\t<\/div>\n\t\t<div class=\"elementor-element elementor-element-606ae61 e-con-full e-flex e-con e-child\" data-id=\"606ae61\" data-element_type=\"container\">\n\t\t\t\t<div class=\"elementor-element elementor-element-65dbbd5 elementor-widget elementor-widget-text-editor\" data-id=\"65dbbd5\" data-element_type=\"widget\" data-widget_type=\"text-editor.default\">\n\t\t\t\t<div class=\"elementor-widget-container\">\n\t\t\t\t\t\t\t<p><strong>Nos valeurs<\/strong> :<\/p><ul><li><strong>Expertise<\/strong> : Chaque membre de notre \u00e9quipe poss\u00e8de une formation approfondie et une exp\u00e9rience solide dans le domaine de la plomberie. Nous restons constamment \u00e0 jour avec les derni\u00e8res technologies et techniques pour vous offrir des services de pointe.<\/li><li><strong>Fiabilit\u00e9<\/strong> : Vous pouvez compter sur nous pour intervenir rapidement et r\u00e9soudre vos probl\u00e8mes de plomberie avec rigueur et professionnalisme. Votre satisfaction est notre priorit\u00e9.<\/li><li><strong>Transparence<\/strong> : Nous croyons en une communication ouverte et honn\u00eate avec nos clients. Vous serez toujours inform\u00e9 de chaque \u00e9tape de nos interventions et des co\u00fbts associ\u00e9s.<\/li><\/ul>\t\t\t\t\t\t<\/div>\n\t\t\t\t<\/div>\n\t\t\t\t<\/div>\n\t\t\t\t\t<\/div>\n\t\t\t\t<\/div>\n\t\t<div class=\"elementor-element elementor-element-fb59dec e-flex e-con-boxed e-con e-parent\" data-id=\"fb59dec\" data-element_type=\"container\">\n\t\t\t\t\t<div class=\"e-con-inner\">\n\t\t<div class=\"elementor-element elementor-element-18b3fb0 e-con-full e-flex e-con e-child\" data-id=\"18b3fb0\" data-element_type=\"container\">\n\t\t\t\t<div class=\"elementor-element elementor-element-1ae47d1 elementor-widget elementor-widget-text-editor\" data-id=\"1ae47d1\" data-element_type=\"widget\" data-widget_type=\"text-editor.default\">\n\t\t\t\t<div class=\"elementor-widget-container\">\n\t\t\t\t\t\t\t<p><strong>Notre \u00e9quipe en quelques mots<\/strong> :<\/p>\n<ul>\n<li><strong>( Jean Dupont<\/strong>, Directeur Technique : Fort de ses 20 ans d&rsquo;exp\u00e9rience, Jean supervise l&rsquo;ensemble des projets et veille \u00e0 ce que chaque intervention soit r\u00e9alis\u00e9e selon les normes les plus strictes.<\/li>\n<li><strong>Marie Leblanc<\/strong>, Charg\u00e9e de Client\u00e8le : Marie est votre premier point de contact et assure une gestion efficace de vos demandes, du premier appel \u00e0 la finalisation des travaux.<\/li>\n<li><strong>Pierre Martin<\/strong>, Plombier Sp\u00e9cialis\u00e9 : Expert en installations complexes, Pierre apporte des solutions innovantes et durables \u00e0 tous vos probl\u00e8mes de plomberie. )<\/li>\n<li>Damien Tournadre<\/li>\n<\/ul>\t\t\t\t\t\t<\/div>\n\t\t\t\t<\/div>\n\t\t\t\t<\/div>\n\t\t<div class=\"elementor-element elementor-element-e8ab781 e-con-full e-flex e-con e-child\" data-id=\"e8ab781\" data-element_type=\"container\">\n\t\t\t\t<div class=\"elementor-element elementor-element-9529fae elementor-widget elementor-widget-video\" data-id=\"9529fae\" data-element_type=\"widget\" data-settings=\"{&quot;youtube_url&quot;:&quot;https:\\\/\\\/de-vid.cdn-website.com\\\/228c533b2021422e92f372f9b2ca9585\\\/videos\\\/C2AHzraS76PRh89czByw_00387986-VI-9002-v.mp4&quot;,&quot;video_type&quot;:&quot;youtube&quot;,&quot;controls&quot;:&quot;yes&quot;}\" data-widget_type=\"video.default\">\n\t\t\t\t<div class=\"elementor-widget-container\">\n\t\t\t<style>\/*! elementor - v3.22.0 - 26-06-2024 *\/\n.elementor-widget-video .elementor-widget-container{overflow:hidden;transform:translateZ(0)}.elementor-widget-video .elementor-wrapper{aspect-ratio:var(--video-aspect-ratio)}.elementor-widget-video .elementor-wrapper iframe,.elementor-widget-video .elementor-wrapper video{height:100%;width:100%;display:flex;border:none;background-color:#000}@supports not (aspect-ratio:1\/1){.elementor-widget-video .elementor-wrapper{position:relative;overflow:hidden;height:0;padding-bottom:calc(100% \/ var(--video-aspect-ratio))}.elementor-widget-video .elementor-wrapper iframe,.elementor-widget-video .elementor-wrapper video{position:absolute;top:0;right:0;bottom:0;left:0}}.elementor-widget-video .elementor-open-inline .elementor-custom-embed-image-overlay{position:absolute;top:0;right:0;bottom:0;left:0;background-size:cover;background-position:50%}.elementor-widget-video .elementor-custom-embed-image-overlay{cursor:pointer;text-align:center}.elementor-widget-video .elementor-custom-embed-image-overlay:hover .elementor-custom-embed-play i{opacity:1}.elementor-widget-video .elementor-custom-embed-image-overlay img{display:block;width:100%;aspect-ratio:var(--video-aspect-ratio);-o-object-fit:cover;object-fit:cover;-o-object-position:center center;object-position:center center}@supports not (aspect-ratio:1\/1){.elementor-widget-video .elementor-custom-embed-image-overlay{position:relative;overflow:hidden;height:0;padding-bottom:calc(100% \/ var(--video-aspect-ratio))}.elementor-widget-video .elementor-custom-embed-image-overlay img{position:absolute;top:0;right:0;bottom:0;left:0}}.elementor-widget-video .e-hosted-video .elementor-video{-o-object-fit:cover;object-fit:cover}.e-con-inner>.elementor-widget-video,.e-con>.elementor-widget-video{width:var(--container-widget-width);--flex-grow:var(--container-widget-flex-grow)}<\/style>\t\t<div class=\"elementor-wrapper elementor-open-inline\">\n\t\t\t<div class=\"elementor-video\"><\/div>\t\t<\/div>\n\t\t\t\t<\/div>\n\t\t\t\t<\/div>\n\t\t\t\t<\/div>\n\t\t\t\t\t<\/div>\n\t\t\t\t<\/div>\n\t\t<div class=\"elementor-element elementor-element-5617485 e-flex e-con-boxed e-con e-parent\" data-id=\"5617485\" data-element_type=\"container\">\n\t\t\t\t\t<div class=\"e-con-inner\">\n\t\t\t\t<div class=\"elementor-element elementor-element-6839431 elementor-widget elementor-widget-text-editor\" data-id=\"6839431\" data-element_type=\"widget\" data-widget_type=\"text-editor.default\">\n\t\t\t\t<div class=\"elementor-widget-container\">\n\t\t\t\t\t\t\t<div class=\"flex flex-grow flex-col max-w-full\"><div class=\"min-h-[20px] text-message flex flex-col items-start whitespace-pre-wrap break-words [.text-message+&amp;]:mt-5 juice:w-full juice:items-end overflow-x-auto gap-2\" dir=\"auto\" data-message-author-role=\"assistant\" data-message-id=\"c2a29d4b-7f0b-4a58-b6eb-7f45a58b58ab\"><div class=\"flex w-full flex-col gap-1 juice:empty:hidden juice:first:pt-[3px]\"><div class=\"markdown prose w-full break-words dark:prose-invert dark\"><p>Chez Ets TOURNADRE, nous sommes fiers de notre \u00e9quipe et de la confiance que nos clients nous accordent. N&rsquo;h\u00e9sitez pas \u00e0 nous contacter pour toute question ou pour planifier une intervention.<\/p><p>Nous sommes l\u00e0 pour vous aider !<\/p><\/div><\/div><\/div><\/div>\t\t\t\t\t\t<\/div>\n\t\t\t\t<\/div>\n\t\t\t\t\t<\/div>\n\t\t\t\t<\/div>\n\t\t\t\t<\/div>\n\t\t","protected":false},"excerpt":{"rendered":"<p>Ets TOURNADRE \u00e0 Clermont-Ferrand, o\u00f9 notre \u00e9quipe d\u00e9vou\u00e9e et exp\u00e9riment\u00e9e est \u00e0 votre service pour tous vos besoins en plomberie. Compos\u00e9e de professionnels qualifi\u00e9s et passionn\u00e9s, notre \u00e9quipe s&rsquo;engage \u00e0 &#8230;<\/p>\n","protected":false},"author":1,"featured_media":0,"parent":0,"menu_order":0,"comment_status":"closed","ping_status":"closed","template":"","meta":{"footnotes":""},"class_list":["post-180","page","type-page","status-publish","hentry"],"_links":{"self":[{"href":"https:\/\/ets-tournadre.fr\/index.php?rest_route=\/wp\/v2\/pages\/180","targetHints":{"allow":["GET"]}}],"collection":[{"href":"https:\/\/ets-tournadre.fr\/index.php?rest_route=\/wp\/v2\/pages"}],"about":[{"href":"https:\/\/ets-tournadre.fr\/index.php?rest_route=\/wp\/v2\/types\/page"}],"author":[{"embeddable":true,"href":"https:\/\/ets-tournadre.fr\/index.php?rest_route=\/wp\/v2\/users\/1"}],"replies":[{"embeddable":true,"href":"https:\/\/ets-tournadre.fr\/index.php?rest_route=%2Fwp%2Fv2%2Fcomments&post=180"}],"version-history":[{"count":13,"href":"https:\/\/ets-tournadre.fr\/index.php?rest_route=\/wp\/v2\/pages\/180\/revisions"}],"predecessor-version":[{"id":308,"href":"https:\/\/ets-tournadre.fr\/index.php?rest_route=\/wp\/v2\/pages\/180\/revisions\/308"}],"wp:attachment":[{"href":"https:\/\/ets-tournadre.fr\/index.php?rest_route=%2Fwp%2Fv2%2Fmedia&parent=180"}],"curies":[{"name":"wp","href":"https:\/\/api.w.org\/{rel}","templated":true}]}}