{"id":192,"date":"2024-06-25T09:51:36","date_gmt":"2024-06-25T07:51:36","guid":{"rendered":"https:\/\/ets-tournadre.fr\/?page_id=192"},"modified":"2024-07-01T17:20:50","modified_gmt":"2024-07-01T15:20:50","slug":"accueil","status":"publish","type":"page","link":"https:\/\/ets-tournadre.fr\/","title":{"rendered":"Accueil"},"content":{"rendered":"\t\t<div data-elementor-type=\"wp-page\" data-elementor-id=\"192\" class=\"elementor elementor-192\">\n\t\t\t\t<div class=\"elementor-element elementor-element-8763374 e-flex e-con-boxed e-con e-parent\" data-id=\"8763374\" data-element_type=\"container\">\n\t\t\t\t\t<div class=\"e-con-inner\">\n\t\t\t\t<div class=\"elementor-element elementor-element-990c941 elementor-widget elementor-widget-heading\" data-id=\"990c941\" data-element_type=\"widget\" data-widget_type=\"heading.default\">\n\t\t\t\t<div class=\"elementor-widget-container\">\n\t\t\t<style>\/*! elementor - v3.22.0 - 26-06-2024 *\/\n.elementor-heading-title{padding:0;margin:0;line-height:1}.elementor-widget-heading .elementor-heading-title[class*=elementor-size-]>a{color:inherit;font-size:inherit;line-height:inherit}.elementor-widget-heading .elementor-heading-title.elementor-size-small{font-size:15px}.elementor-widget-heading .elementor-heading-title.elementor-size-medium{font-size:19px}.elementor-widget-heading .elementor-heading-title.elementor-size-large{font-size:29px}.elementor-widget-heading .elementor-heading-title.elementor-size-xl{font-size:39px}.elementor-widget-heading .elementor-heading-title.elementor-size-xxl{font-size:59px}<\/style><h1 class=\"elementor-heading-title elementor-size-default\"><span style=\"font-family: var( --e-global-typography-primary-font-family ), Sans-serif; font-size: 2.5rem; font-weight: var( --e-global-typography-primary-font-weight );\">Ets <\/span>Tournadre, Plombier \n\u00e0 Clermont-Ferrand<\/h1>\t\t<\/div>\n\t\t\t\t<\/div>\n\t\t\t\t\t<\/div>\n\t\t\t\t<\/div>\n\t\t<div class=\"elementor-element elementor-element-9ece889 e-flex e-con-boxed e-con e-parent\" data-id=\"9ece889\" data-element_type=\"container\">\n\t\t\t\t\t<div class=\"e-con-inner\">\n\t\t\t\t<div class=\"elementor-element elementor-element-87001b7 elementor-widget elementor-widget-text-editor\" data-id=\"87001b7\" data-element_type=\"widget\" data-widget_type=\"text-editor.default\">\n\t\t\t\t<div class=\"elementor-widget-container\">\n\t\t\t<style>\/*! elementor - v3.22.0 - 26-06-2024 *\/\n.elementor-widget-text-editor.elementor-drop-cap-view-stacked .elementor-drop-cap{background-color:#69727d;color:#fff}.elementor-widget-text-editor.elementor-drop-cap-view-framed .elementor-drop-cap{color:#69727d;border:3px solid;background-color:transparent}.elementor-widget-text-editor:not(.elementor-drop-cap-view-default) .elementor-drop-cap{margin-top:8px}.elementor-widget-text-editor:not(.elementor-drop-cap-view-default) .elementor-drop-cap-letter{width:1em;height:1em}.elementor-widget-text-editor .elementor-drop-cap{float:left;text-align:center;line-height:1;font-size:50px}.elementor-widget-text-editor .elementor-drop-cap-letter{display:inline-block}<\/style>\t\t\t\t<p>depuis 1959 Troisi\u00e8me g\u00e9n\u00e9ration<\/p>\t\t\t\t\t\t<\/div>\n\t\t\t\t<\/div>\n\t\t\t\t\t<\/div>\n\t\t\t\t<\/div>\n\t\t<div class=\"elementor-element elementor-element-ca7ccb9 e-flex e-con-boxed e-con e-parent\" data-id=\"ca7ccb9\" data-element_type=\"container\">\n\t\t\t\t\t<div class=\"e-con-inner\">\n\t\t\t\t<div class=\"elementor-element elementor-element-fc1d76b elementor-align-center elementor-widget__width-inherit elementor-widget elementor-widget-button\" data-id=\"fc1d76b\" data-element_type=\"widget\" data-widget_type=\"button.default\">\n\t\t\t\t<div class=\"elementor-widget-container\">\n\t\t\t\t\t<div class=\"elementor-button-wrapper\">\n\t\t\t<a class=\"elementor-button elementor-button-link elementor-size-sm\" href=\"#\">\n\t\t\t\t\t\t<span class=\"elementor-button-content-wrapper\">\n\t\t\t\t\t\t\t\t\t<span class=\"elementor-button-text\">En savoir plus<\/span>\n\t\t\t\t\t<\/span>\n\t\t\t\t\t<\/a>\n\t\t<\/div>\n\t\t\t\t<\/div>\n\t\t\t\t<\/div>\n\t\t\t\t\t<\/div>\n\t\t\t\t<\/div>\n\t\t<div class=\"elementor-element elementor-element-b49b404 e-flex e-con-boxed e-con e-parent\" data-id=\"b49b404\" data-element_type=\"container\">\n\t\t\t\t\t<div class=\"e-con-inner\">\n\t\t\t\t<div class=\"elementor-element elementor-element-2f89718 elementor-invisible elementor-widget elementor-widget-heading\" data-id=\"2f89718\" data-element_type=\"widget\" data-settings=\"{&quot;_animation&quot;:&quot;fadeInLeft&quot;}\" data-widget_type=\"heading.default\">\n\t\t\t\t<div class=\"elementor-widget-container\">\n\t\t\t<h2 class=\"elementor-heading-title elementor-size-default\">L'exp\u00e9rience de la plomberie au service de vos travaux<\/h2>\t\t<\/div>\n\t\t\t\t<\/div>\n\t\t\t\t\t<\/div>\n\t\t\t\t<\/div>\n\t\t<div class=\"elementor-element elementor-element-1c353b6 e-flex e-con-boxed e-con e-parent\" data-id=\"1c353b6\" data-element_type=\"container\">\n\t\t\t\t\t<div class=\"e-con-inner\">\n\t\t\t\t\t<\/div>\n\t\t\t\t<\/div>\n\t\t<div class=\"elementor-element elementor-element-496b090 e-flex e-con-boxed e-con e-parent\" data-id=\"496b090\" data-element_type=\"container\">\n\t\t\t\t\t<div class=\"e-con-inner\">\n\t\t\t\t<div class=\"elementor-element elementor-element-8972962 elementor-widget elementor-widget-text-editor\" data-id=\"8972962\" data-element_type=\"widget\" data-widget_type=\"text-editor.default\">\n\t\t\t\t<div class=\"elementor-widget-container\">\n\t\t\t\t\t\t\t<p>L&rsquo;entreprise\u00a0<b>Tournadre<\/b>\u00a0se trouve au c\u0153ur de la ville de\u00a0<b>Clermont-Ferrand<\/b>, dans une art\u00e8re principale, dans le d\u00e9partement du\u00a0<b>Puy-de D\u00f4me<\/b>.\u00a0Entreprise tr\u00e8s r\u00e9active et de bon conseil, nous sommes \u00e0 vos c\u00f4t\u00e9s depuis 1959. Troisi\u00e8me g\u00e9n\u00e9ration de p\u00e8re en fils, nous sommes sp\u00e9cialis\u00e9s dans la\u00a0<b>plomberie<\/b>, la\u00a0<b>cr\u00e9ation<\/b>\u00a0et l&rsquo;<b>installation de salle de bains<\/b>, le\u00a0<b>chauffage<\/b>, la\u00a0<b>couverture<\/b>\u00a0et\u00a0de votre habitation.<\/p>\t\t\t\t\t\t<\/div>\n\t\t\t\t<\/div>\n\t\t\t\t\t<\/div>\n\t\t\t\t<\/div>\n\t\t<div class=\"elementor-element elementor-element-cd05823 e-flex e-con-boxed e-con e-parent\" data-id=\"cd05823\" data-element_type=\"container\">\n\t\t\t\t\t<div class=\"e-con-inner\">\n\t\t<div class=\"elementor-element elementor-element-b91c4cf e-con-full e-flex e-con e-child\" data-id=\"b91c4cf\" data-element_type=\"container\">\n\t\t\t\t<\/div>\n\t\t<div class=\"elementor-element elementor-element-f1c8830 e-con-full e-flex e-con e-child\" data-id=\"f1c8830\" data-element_type=\"container\">\n\t\t\t\t<div class=\"elementor-element elementor-element-d2a6254 elementor-widget elementor-widget-heading\" data-id=\"d2a6254\" data-element_type=\"widget\" data-widget_type=\"heading.default\">\n\t\t\t\t<div class=\"elementor-widget-container\">\n\t\t\t<h2 class=\"elementor-heading-title elementor-size-default\"><span style=\"font-family: var( --e-global-typography-primary-font-family ), Sans-serif; font-size: 2rem; font-weight: var( --e-global-typography-primary-font-weight ); text-align: var(--text-align);\">Ets <\/span>Tournadre : le professionnalisme par la qualification de nos ouvriers<\/h2>\t\t<\/div>\n\t\t\t\t<\/div>\n\t\t\t\t<\/div>\n\t\t\t\t\t<\/div>\n\t\t\t\t<\/div>\n\t\t<div class=\"elementor-element elementor-element-6b271c5 e-flex e-con-boxed e-con e-parent\" data-id=\"6b271c5\" data-element_type=\"container\">\n\t\t\t\t\t<div class=\"e-con-inner\">\n\t\t<div class=\"elementor-element elementor-element-5bbf1ec e-con-full e-flex e-con e-child\" data-id=\"5bbf1ec\" data-element_type=\"container\">\n\t\t\t\t<div class=\"elementor-element elementor-element-d4ecf74 elementor-widget elementor-widget-image\" data-id=\"d4ecf74\" data-element_type=\"widget\" data-widget_type=\"image.default\">\n\t\t\t\t<div class=\"elementor-widget-container\">\n\t\t\t<style>\/*! elementor - v3.22.0 - 26-06-2024 *\/\n.elementor-widget-image{text-align:center}.elementor-widget-image a{display:inline-block}.elementor-widget-image a img[src$=\".svg\"]{width:48px}.elementor-widget-image img{vertical-align:middle;display:inline-block}<\/style>\t\t\t\t\t\t\t\t\t\t<img decoding=\"async\" src=\"https:\/\/ets-tournadre.fr\/wp-content\/uploads\/2024\/06\/image_123650291-10-e1719304323795.jpg\" title=\"image_123650291 (10)\" alt=\"image_123650291 (10)\" loading=\"lazy\" \/>\t\t\t\t\t\t\t\t\t\t\t\t\t<\/div>\n\t\t\t\t<\/div>\n\t\t\t\t<\/div>\n\t\t<div class=\"elementor-element elementor-element-4547ace e-con-full e-flex e-con e-child\" data-id=\"4547ace\" data-element_type=\"container\">\n\t\t\t\t<div class=\"elementor-element elementor-element-4d11f84 elementor-widget elementor-widget-text-editor\" data-id=\"4d11f84\" data-element_type=\"widget\" data-widget_type=\"text-editor.default\">\n\t\t\t\t<div class=\"elementor-widget-container\">\n\t\t\t\t\t\t\t<p>Nous mettons \u00e0 votre service notre professionnalisme par la qualification de nos ouvriers, le mat\u00e9riel et l&rsquo;outillage adapt\u00e9s \u00e0 vos demandes (<b>\u00e9chafaudage, camion nacelle, camion benne, organe s\u00e9curit\u00e9, monte mat\u00e9riaux&#8230;<\/b>).\u00a0Nous sommes attentifs \u00e0 vos projets, vous avez le choix des mat\u00e9riaux et des couleurs, tant dans le\u00a0<b>neuf<\/b>\u00a0que dans la\u00a0<b>r\u00e9novation de votre<\/b>\u00a0<b>habitat<\/b>.\u00a0<span style=\"letter-spacing: -0.8px; text-align: var(--text-align); font-size: 0.875rem;\">L&rsquo;entreprise\u00a0<\/span><b style=\"letter-spacing: -0.8px; text-align: var(--text-align); font-size: 0.875rem;\">Tournadre<\/b><span style=\"letter-spacing: -0.8px; text-align: var(--text-align); font-size: 0.875rem;\">\u00a0\u00e0\u00a0<\/span><b style=\"letter-spacing: -0.8px; text-align: var(--text-align); font-size: 0.875rem;\">Clermont-Ferrand<\/b><span style=\"letter-spacing: -0.8px; text-align: var(--text-align); font-size: 0.875rem;\">\u00a0est \u00e0 votre disposition si vous souhaitez obtenir de plus amples renseignements.<\/span><\/p><div>\u00a0<b style=\"letter-spacing: -0.8px; text-align: var(--text-align); font-size: 0.875rem;\">Recrute Plombier qualifi\u00e9\u00a0<\/b><\/div><div>Permis B obligatoire<\/div><div>Rigoureux et autonome<\/div>\t\t\t\t\t\t<\/div>\n\t\t\t\t<\/div>\n\t\t\t\t<\/div>\n\t\t\t\t\t<\/div>\n\t\t\t\t<\/div>\n\t\t<div class=\"elementor-element elementor-element-2f349cb e-con-full e-flex e-con e-parent\" data-id=\"2f349cb\" data-element_type=\"container\">\n\t\t\t\t<div class=\"elementor-element elementor-element-0294110 elementor-widget elementor-widget-heading\" data-id=\"0294110\" data-element_type=\"widget\" data-widget_type=\"heading.default\">\n\t\t\t\t<div class=\"elementor-widget-container\">\n\t\t\t<h2 class=\"elementor-heading-title elementor-size-default\"> Nos services<\/h2>\t\t<\/div>\n\t\t\t\t<\/div>\n\t\t\t\t<\/div>\n\t\t<div class=\"elementor-element elementor-element-bd3079d e-grid e-con-boxed e-con e-parent\" data-id=\"bd3079d\" data-element_type=\"container\">\n\t\t\t\t\t<div class=\"e-con-inner\">\n\t\t\t\t<div class=\"elementor-element elementor-element-7176c26 elementor-align-center elementor-widget elementor-widget-button\" data-id=\"7176c26\" data-element_type=\"widget\" data-widget_type=\"button.default\">\n\t\t\t\t<div class=\"elementor-widget-container\">\n\t\t\t\t\t<div class=\"elementor-button-wrapper\">\n\t\t\t<a class=\"elementor-button elementor-button-link elementor-size-sm\" href=\"#\">\n\t\t\t\t\t\t<span class=\"elementor-button-content-wrapper\">\n\t\t\t\t\t\t\t\t\t<span class=\"elementor-button-text\">Plomberie<\/span>\n\t\t\t\t\t<\/span>\n\t\t\t\t\t<\/a>\n\t\t<\/div>\n\t\t\t\t<\/div>\n\t\t\t\t<\/div>\n\t\t\t\t<div class=\"elementor-element elementor-element-25167b4 elementor-align-center elementor-widget elementor-widget-button\" data-id=\"25167b4\" data-element_type=\"widget\" data-widget_type=\"button.default\">\n\t\t\t\t<div class=\"elementor-widget-container\">\n\t\t\t\t\t<div class=\"elementor-button-wrapper\">\n\t\t\t<a class=\"elementor-button elementor-button-link elementor-size-sm\" href=\"#\">\n\t\t\t\t\t\t<span class=\"elementor-button-content-wrapper\">\n\t\t\t\t\t\t\t\t\t<span class=\"elementor-button-text\">Chauffage<\/span>\n\t\t\t\t\t<\/span>\n\t\t\t\t\t<\/a>\n\t\t<\/div>\n\t\t\t\t<\/div>\n\t\t\t\t<\/div>\n\t\t\t\t<div class=\"elementor-element elementor-element-5c77881 elementor-align-center elementor-widget elementor-widget-button\" data-id=\"5c77881\" data-element_type=\"widget\" data-widget_type=\"button.default\">\n\t\t\t\t<div class=\"elementor-widget-container\">\n\t\t\t\t\t<div class=\"elementor-button-wrapper\">\n\t\t\t<a class=\"elementor-button elementor-button-link elementor-size-sm\" href=\"#\">\n\t\t\t\t\t\t<span class=\"elementor-button-content-wrapper\">\n\t\t\t\t\t\t\t\t\t<span class=\"elementor-button-text\">Salle de bain<\/span>\n\t\t\t\t\t<\/span>\n\t\t\t\t\t<\/a>\n\t\t<\/div>\n\t\t\t\t<\/div>\n\t\t\t\t<\/div>\n\t\t\t\t<div class=\"elementor-element elementor-element-fde8af2 elementor-align-center elementor-widget elementor-widget-button\" data-id=\"fde8af2\" data-element_type=\"widget\" data-widget_type=\"button.default\">\n\t\t\t\t<div class=\"elementor-widget-container\">\n\t\t\t\t\t<div class=\"elementor-button-wrapper\">\n\t\t\t<a class=\"elementor-button elementor-button-link elementor-size-sm\" href=\"#\">\n\t\t\t\t\t\t<span class=\"elementor-button-content-wrapper\">\n\t\t\t\t\t\t\t\t\t<span class=\"elementor-button-text\">Couverture<\/span>\n\t\t\t\t\t<\/span>\n\t\t\t\t\t<\/a>\n\t\t<\/div>\n\t\t\t\t<\/div>\n\t\t\t\t<\/div>\n\t\t\t\t<div class=\"elementor-element elementor-element-4d4179c elementor-align-center elementor-widget elementor-widget-button\" data-id=\"4d4179c\" data-element_type=\"widget\" data-widget_type=\"button.default\">\n\t\t\t\t<div class=\"elementor-widget-container\">\n\t\t\t\t\t<div class=\"elementor-button-wrapper\">\n\t\t\t<a class=\"elementor-button elementor-button-link elementor-size-sm\" href=\"#\">\n\t\t\t\t\t\t<span class=\"elementor-button-content-wrapper\">\n\t\t\t\t\t\t\t\t\t<span class=\"elementor-button-text\">Isolation des combles<\/span>\n\t\t\t\t\t<\/span>\n\t\t\t\t\t<\/a>\n\t\t<\/div>\n\t\t\t\t<\/div>\n\t\t\t\t<\/div>\n\t\t\t\t<div class=\"elementor-element elementor-element-3c2cd58 elementor-align-center elementor-widget elementor-widget-button\" data-id=\"3c2cd58\" data-element_type=\"widget\" data-widget_type=\"button.default\">\n\t\t\t\t<div class=\"elementor-widget-container\">\n\t\t\t\t\t<div class=\"elementor-button-wrapper\">\n\t\t\t<a class=\"elementor-button elementor-button-link elementor-size-sm\" href=\"#\">\n\t\t\t\t\t\t<span class=\"elementor-button-content-wrapper\">\n\t\t\t\t\t\t\t\t\t<span class=\"elementor-button-text\">Fen\u00eatres de toit<\/span>\n\t\t\t\t\t<\/span>\n\t\t\t\t\t<\/a>\n\t\t<\/div>\n\t\t\t\t<\/div>\n\t\t\t\t<\/div>\n\t\t\t\t\t<\/div>\n\t\t\t\t<\/div>\n\t\t<div class=\"elementor-element elementor-element-d23d7c5 e-flex e-con-boxed e-con e-parent\" data-id=\"d23d7c5\" data-element_type=\"container\">\n\t\t\t\t\t<div class=\"e-con-inner\">\n\t\t\t\t<div class=\"elementor-element elementor-element-5c3e671 elementor-widget elementor-widget-heading\" data-id=\"5c3e671\" data-element_type=\"widget\" data-widget_type=\"heading.default\">\n\t\t\t\t<div class=\"elementor-widget-container\">\n\t\t\t<h2 class=\"elementor-heading-title elementor-size-default\">Nos petits +<\/h2>\t\t<\/div>\n\t\t\t\t<\/div>\n\t\t\t\t\t<\/div>\n\t\t\t\t<\/div>\n\t\t<div class=\"elementor-element elementor-element-637122d e-grid e-con-boxed e-con e-parent\" data-id=\"637122d\" data-element_type=\"container\">\n\t\t\t\t\t<div class=\"e-con-inner\">\n\t\t\t\t<div class=\"elementor-element elementor-element-b9d711a elementor-widget elementor-widget-image\" data-id=\"b9d711a\" data-element_type=\"widget\" data-widget_type=\"image.default\">\n\t\t\t\t<div class=\"elementor-widget-container\">\n\t\t\t\t\t\t\t\t\t\t\t\t\t<img decoding=\"async\" width=\"123\" height=\"106\" src=\"https:\/\/ets-tournadre.fr\/wp-content\/uploads\/2024\/06\/IMG_5025-1-e1719319520430.jpg\" class=\"attachment-large size-large wp-image-141\" alt=\"\" \/>\t\t\t\t\t\t\t\t\t\t\t\t\t<\/div>\n\t\t\t\t<\/div>\n\t\t\t\t<div class=\"elementor-element elementor-element-e95303e elementor-widget elementor-widget-image\" data-id=\"e95303e\" data-element_type=\"widget\" data-widget_type=\"image.default\">\n\t\t\t\t<div class=\"elementor-widget-container\">\n\t\t\t\t\t\t\t\t\t\t\t\t\t<img decoding=\"async\" width=\"125\" height=\"138\" src=\"https:\/\/ets-tournadre.fr\/wp-content\/uploads\/2024\/06\/IMG_5024-2-e1719319593323.jpg\" class=\"attachment-large size-large wp-image-142\" alt=\"\" \/>\t\t\t\t\t\t\t\t\t\t\t\t\t<\/div>\n\t\t\t\t<\/div>\n\t\t\t\t<div class=\"elementor-element elementor-element-89a53fa elementor-widget elementor-widget-image\" data-id=\"89a53fa\" data-element_type=\"widget\" data-widget_type=\"image.default\">\n\t\t\t\t<div class=\"elementor-widget-container\">\n\t\t\t\t\t\t\t\t\t\t\t\t\t<img decoding=\"async\" src=\"https:\/\/ets-tournadre.fr\/wp-content\/uploads\/2024\/06\/3935D91C-DF73-47B1-B0A8-D6D1C960E6A8-e1719319719543.jpg\" title=\"3935D91C-DF73-47B1-B0A8-D6D1C960E6A8\" alt=\"3935D91C-DF73-47B1-B0A8-D6D1C960E6A8\" loading=\"lazy\" \/>\t\t\t\t\t\t\t\t\t\t\t\t\t<\/div>\n\t\t\t\t<\/div>\n\t\t\t\t\t<\/div>\n\t\t\t\t<\/div>\n\t\t<div class=\"elementor-element elementor-element-00bb39c e-grid e-con-boxed e-con e-parent\" data-id=\"00bb39c\" data-element_type=\"container\">\n\t\t\t\t\t<div class=\"e-con-inner\">\n\t\t\t\t<div class=\"elementor-element elementor-element-1662857 elementor-widget elementor-widget-text-editor\" data-id=\"1662857\" data-element_type=\"widget\" data-widget_type=\"text-editor.default\">\n\t\t\t\t<div class=\"elementor-widget-container\">\n\t\t\t\t\t\t\t<p>Intervention de d\u00e9pannage rapide\u00a0<\/p><p>Mise en relation avec d&rsquo;autres corps de m\u00e9tier<\/p>\t\t\t\t\t\t<\/div>\n\t\t\t\t<\/div>\n\t\t\t\t<div class=\"elementor-element elementor-element-edeb3c3 elementor-widget elementor-widget-text-editor\" data-id=\"edeb3c3\" data-element_type=\"widget\" data-widget_type=\"text-editor.default\">\n\t\t\t\t<div class=\"elementor-widget-container\">\n\t\t\t\t\t\t\t<p>Devis gratuit\u00a0<\/p><p>Choix des produits adapt\u00e9s<\/p>\t\t\t\t\t\t<\/div>\n\t\t\t\t<\/div>\n\t\t\t\t<div class=\"elementor-element elementor-element-a770fd6 elementor-widget elementor-widget-text-editor\" data-id=\"a770fd6\" data-element_type=\"widget\" data-widget_type=\"text-editor.default\">\n\t\t\t\t<div class=\"elementor-widget-container\">\n\t\t\t\t\t\t\t<p>Conseils personnalis\u00e9s\u00a0<\/p><p>Etude de chauffage\u00a0<\/p><p>Conseils avis\u00e9s<\/p><div>\u00a0<\/div>\t\t\t\t\t\t<\/div>\n\t\t\t\t<\/div>\n\t\t\t\t\t<\/div>\n\t\t\t\t<\/div>\n\t\t<div class=\"elementor-element elementor-element-cf19949 e-flex e-con-boxed e-con e-parent\" data-id=\"cf19949\" data-element_type=\"container\">\n\t\t\t\t\t<div class=\"e-con-inner\">\n\t\t\t\t<div class=\"elementor-element elementor-element-fef2505 elementor-widget elementor-widget-heading\" data-id=\"fef2505\" data-element_type=\"widget\" data-widget_type=\"heading.default\">\n\t\t\t\t<div class=\"elementor-widget-container\">\n\t\t\t<h2 class=\"elementor-heading-title elementor-size-default\"> Besoin de nous trouver ?<\/h2>\t\t<\/div>\n\t\t\t\t<\/div>\n\t\t\t\t\t<\/div>\n\t\t\t\t<\/div>\n\t\t<div class=\"elementor-element elementor-element-1a093e5 e-flex e-con-boxed e-con e-parent\" data-id=\"1a093e5\" data-element_type=\"container\">\n\t\t\t\t\t<div class=\"e-con-inner\">\n\t\t\t\t\t<\/div>\n\t\t\t\t<\/div>\n\t\t\t\t<\/div>\n\t\t","protected":false},"excerpt":{"rendered":"<p>Ets Tournadre, Plombier \u00e0 Clermont-Ferrand depuis 1959 Troisi\u00e8me g\u00e9n\u00e9ration En savoir plus L&rsquo;exp\u00e9rience de la plomberie au service de vos travaux L&rsquo;entreprise\u00a0Tournadre\u00a0se trouve au c\u0153ur de la ville de\u00a0Clermont-Ferrand, dans &#8230;<\/p>\n","protected":false},"author":1,"featured_media":0,"parent":0,"menu_order":0,"comment_status":"closed","ping_status":"closed","template":"","meta":{"footnotes":""},"class_list":["post-192","page","type-page","status-publish","hentry"],"_links":{"self":[{"href":"https:\/\/ets-tournadre.fr\/index.php?rest_route=\/wp\/v2\/pages\/192","targetHints":{"allow":["GET"]}}],"collection":[{"href":"https:\/\/ets-tournadre.fr\/index.php?rest_route=\/wp\/v2\/pages"}],"about":[{"href":"https:\/\/ets-tournadre.fr\/index.php?rest_route=\/wp\/v2\/types\/page"}],"author":[{"embeddable":true,"href":"https:\/\/ets-tournadre.fr\/index.php?rest_route=\/wp\/v2\/users\/1"}],"replies":[{"embeddable":true,"href":"https:\/\/ets-tournadre.fr\/index.php?rest_route=%2Fwp%2Fv2%2Fcomments&post=192"}],"version-history":[{"count":16,"href":"https:\/\/ets-tournadre.fr\/index.php?rest_route=\/wp\/v2\/pages\/192\/revisions"}],"predecessor-version":[{"id":314,"href":"https:\/\/ets-tournadre.fr\/index.php?rest_route=\/wp\/v2\/pages\/192\/revisions\/314"}],"wp:attachment":[{"href":"https:\/\/ets-tournadre.fr\/index.php?rest_route=%2Fwp%2Fv2%2Fmedia&parent=192"}],"curies":[{"name":"wp","href":"https:\/\/api.w.org\/{rel}","templated":true}]}}