{"id":196,"date":"2024-06-25T09:52:49","date_gmt":"2024-06-25T07:52:49","guid":{"rendered":"https:\/\/ets-tournadre.fr\/?page_id=196"},"modified":"2024-06-25T11:24:52","modified_gmt":"2024-06-25T09:24:52","slug":"nos-projets","status":"publish","type":"page","link":"https:\/\/ets-tournadre.fr\/?page_id=196","title":{"rendered":"Nos projets"},"content":{"rendered":"\t\t<div data-elementor-type=\"wp-page\" data-elementor-id=\"196\" class=\"elementor elementor-196\">\n\t\t\t\t<div class=\"elementor-element elementor-element-21715a3 e-flex e-con-boxed e-con e-parent\" data-id=\"21715a3\" data-element_type=\"container\">\n\t\t\t\t\t<div class=\"e-con-inner\">\n\t\t\t\t<div class=\"elementor-element elementor-element-cfb7e96 elementor-widget elementor-widget-text-editor\" data-id=\"cfb7e96\" data-element_type=\"widget\" data-widget_type=\"text-editor.default\">\n\t\t\t\t<div class=\"elementor-widget-container\">\n\t\t\t<style>\/*! elementor - v3.22.0 - 26-06-2024 *\/\n.elementor-widget-text-editor.elementor-drop-cap-view-stacked .elementor-drop-cap{background-color:#69727d;color:#fff}.elementor-widget-text-editor.elementor-drop-cap-view-framed .elementor-drop-cap{color:#69727d;border:3px solid;background-color:transparent}.elementor-widget-text-editor:not(.elementor-drop-cap-view-default) .elementor-drop-cap{margin-top:8px}.elementor-widget-text-editor:not(.elementor-drop-cap-view-default) .elementor-drop-cap-letter{width:1em;height:1em}.elementor-widget-text-editor .elementor-drop-cap{float:left;text-align:center;line-height:1;font-size:50px}.elementor-widget-text-editor .elementor-drop-cap-letter{display:inline-block}<\/style>\t\t\t\t<p>Chez ETS Plombier \u00e0 Clermont-Ferrand, nous offrons une large gamme de prestations pour r\u00e9pondre \u00e0 tous vos besoins en plomberie. Notre \u00e9quipe d&rsquo;experts est pr\u00eate \u00e0 intervenir pour des travaux de toute envergure, avec un engagement constant envers la qualit\u00e9 et la satisfaction de nos clients.<\/p>\t\t\t\t\t\t<\/div>\n\t\t\t\t<\/div>\n\t\t\t\t\t<\/div>\n\t\t\t\t<\/div>\n\t\t<div class=\"elementor-element elementor-element-d615390 e-flex e-con-boxed e-con e-parent\" data-id=\"d615390\" data-element_type=\"container\">\n\t\t\t\t\t<div class=\"e-con-inner\">\n\t\t<div class=\"elementor-element elementor-element-ff4d708 e-con-full e-flex e-con e-child\" data-id=\"ff4d708\" data-element_type=\"container\">\n\t\t\t\t<div class=\"elementor-element elementor-element-f14a48f elementor-widget elementor-widget-text-editor\" data-id=\"f14a48f\" data-element_type=\"widget\" data-widget_type=\"text-editor.default\">\n\t\t\t\t<div class=\"elementor-widget-container\">\n\t\t\t\t\t\t\t<p><strong>Installation de plomberie<\/strong> :<\/p><p>&nbsp;Nous r\u00e9alisons des installations compl\u00e8tes de syst\u00e8mes de plomberie pour les constructions neuves ou les r\u00e9novations. Qu&rsquo;il s&rsquo;agisse de l&rsquo;installation de r\u00e9seaux d&rsquo;eau potable, de chauffage ou de gaz, nous assurons des travaux conformes aux normes les plus strictes.<\/p>\t\t\t\t\t\t<\/div>\n\t\t\t\t<\/div>\n\t\t\t\t<\/div>\n\t\t<div class=\"elementor-element elementor-element-3135a83 e-con-full e-flex e-con e-child\" data-id=\"3135a83\" data-element_type=\"container\">\n\t\t\t\t<\/div>\n\t\t\t\t\t<\/div>\n\t\t\t\t<\/div>\n\t\t<div class=\"elementor-element elementor-element-132c1eb e-flex e-con-boxed e-con e-parent\" data-id=\"132c1eb\" data-element_type=\"container\">\n\t\t\t\t\t<div class=\"e-con-inner\">\n\t\t<div class=\"elementor-element elementor-element-9aa3aef e-con-full e-flex e-con e-child\" data-id=\"9aa3aef\" data-element_type=\"container\">\n\t\t\t\t<\/div>\n\t\t<div class=\"elementor-element elementor-element-6fd769c e-con-full e-flex e-con e-child\" data-id=\"6fd769c\" data-element_type=\"container\">\n\t\t\t\t<div class=\"elementor-element elementor-element-fdfcc1c elementor-widget elementor-widget-text-editor\" data-id=\"fdfcc1c\" data-element_type=\"widget\" data-widget_type=\"text-editor.default\">\n\t\t\t\t<div class=\"elementor-widget-container\">\n\t\t\t\t\t\t\t<p><strong>R\u00e9paration et d\u00e9pannage<\/strong> :&nbsp;<\/p><p>Nos plombiers interviennent rapidement pour r\u00e9soudre tous vos probl\u00e8mes de plomberie, qu&rsquo;il s&rsquo;agisse de fuites, de canalisations bouch\u00e9es ou de pannes de chauffe-eau. Nous sommes disponibles 24\/7 pour les urgences, afin de minimiser les d\u00e9sagr\u00e9ments pour vous.<\/p>\t\t\t\t\t\t<\/div>\n\t\t\t\t<\/div>\n\t\t\t\t<\/div>\n\t\t\t\t\t<\/div>\n\t\t\t\t<\/div>\n\t\t<div class=\"elementor-element elementor-element-3f2213d e-flex e-con-boxed e-con e-parent\" data-id=\"3f2213d\" data-element_type=\"container\">\n\t\t\t\t\t<div class=\"e-con-inner\">\n\t\t<div class=\"elementor-element elementor-element-08e6e39 e-con-full e-flex e-con e-child\" data-id=\"08e6e39\" data-element_type=\"container\">\n\t\t\t\t<div class=\"elementor-element elementor-element-9b4c6cf elementor-widget elementor-widget-text-editor\" data-id=\"9b4c6cf\" data-element_type=\"widget\" data-widget_type=\"text-editor.default\">\n\t\t\t\t<div class=\"elementor-widget-container\">\n\t\t\t\t\t\t\t<p><strong>Entretien et maintenance<\/strong> :<\/p><p>&nbsp;Pour prolonger la dur\u00e9e de vie de vos installations et pr\u00e9venir les pannes, nous proposons des contrats d&rsquo;entretien r\u00e9guliers. Nos techniciens effectuent des v\u00e9rifications et des nettoyages p\u00e9riodiques de vos syst\u00e8mes de plomberie et de chauffage.<\/p>\t\t\t\t\t\t<\/div>\n\t\t\t\t<\/div>\n\t\t\t\t<\/div>\n\t\t<div class=\"elementor-element elementor-element-ae18073 e-con-full e-flex e-con e-child\" data-id=\"ae18073\" data-element_type=\"container\">\n\t\t\t\t<\/div>\n\t\t\t\t\t<\/div>\n\t\t\t\t<\/div>\n\t\t<div class=\"elementor-element elementor-element-ba516d6 e-flex e-con-boxed e-con e-parent\" data-id=\"ba516d6\" data-element_type=\"container\">\n\t\t\t\t\t<div class=\"e-con-inner\">\n\t\t<div class=\"elementor-element elementor-element-4d085ed e-con-full e-flex e-con e-child\" data-id=\"4d085ed\" data-element_type=\"container\">\n\t\t\t\t<\/div>\n\t\t<div class=\"elementor-element elementor-element-16b489c e-con-full e-flex e-con e-child\" data-id=\"16b489c\" data-element_type=\"container\">\n\t\t\t\t<div class=\"elementor-element elementor-element-afdae03 elementor-widget elementor-widget-text-editor\" data-id=\"afdae03\" data-element_type=\"widget\" data-widget_type=\"text-editor.default\">\n\t\t\t\t<div class=\"elementor-widget-container\">\n\t\t\t\t\t\t\t<p><strong>R\u00e9novation et modernisation<\/strong> :&nbsp;<\/p><p>Nous vous accompagnons dans vos projets de r\u00e9novation de salle de bains, de cuisine ou de toute autre pi\u00e8ce n\u00e9cessitant une modernisation de la plomberie. De la conception \u00e0 la r\u00e9alisation, nous vous garantissons des travaux esth\u00e9tiques et fonctionnels.<\/p>\t\t\t\t\t\t<\/div>\n\t\t\t\t<\/div>\n\t\t\t\t<\/div>\n\t\t\t\t\t<\/div>\n\t\t\t\t<\/div>\n\t\t<div class=\"elementor-element elementor-element-22769bd e-flex e-con-boxed e-con e-parent\" data-id=\"22769bd\" data-element_type=\"container\">\n\t\t\t\t\t<div class=\"e-con-inner\">\n\t\t<div class=\"elementor-element elementor-element-9780123 e-con-full e-flex e-con e-child\" data-id=\"9780123\" data-element_type=\"container\">\n\t\t\t\t<div class=\"elementor-element elementor-element-50d92e9 elementor-widget elementor-widget-text-editor\" data-id=\"50d92e9\" data-element_type=\"widget\" data-widget_type=\"text-editor.default\">\n\t\t\t\t<div class=\"elementor-widget-container\">\n\t\t\t\t\t\t\t<p><strong>Diagnostic et conseil<\/strong> :&nbsp;<\/p><p>Avant toute intervention, nous r\u00e9alisons un diagnostic complet de votre installation. Nos experts vous conseillent sur les meilleures solutions techniques et \u00e9conomiques pour vos besoins sp\u00e9cifiques, en tenant compte de votre budget et de vos attentes.<\/p>\t\t\t\t\t\t<\/div>\n\t\t\t\t<\/div>\n\t\t\t\t<\/div>\n\t\t<div class=\"elementor-element elementor-element-ae99f63 e-con-full e-flex e-con e-child\" data-id=\"ae99f63\" data-element_type=\"container\">\n\t\t\t\t<\/div>\n\t\t\t\t\t<\/div>\n\t\t\t\t<\/div>\n\t\t<div class=\"elementor-element elementor-element-7a9d233 e-flex e-con-boxed e-con e-parent\" data-id=\"7a9d233\" data-element_type=\"container\">\n\t\t\t\t\t<div class=\"e-con-inner\">\n\t\t<div class=\"elementor-element elementor-element-c97173c e-con-full e-flex e-con e-child\" data-id=\"c97173c\" data-element_type=\"container\">\n\t\t\t\t<\/div>\n\t\t<div class=\"elementor-element elementor-element-0bbf597 e-con-full e-flex e-con e-child\" data-id=\"0bbf597\" data-element_type=\"container\">\n\t\t\t\t<div class=\"elementor-element elementor-element-34b9810 elementor-widget elementor-widget-text-editor\" data-id=\"34b9810\" data-element_type=\"widget\" data-widget_type=\"text-editor.default\">\n\t\t\t\t<div class=\"elementor-widget-container\">\n\t\t\t\t\t\t\t<p><strong>Traitement de l&rsquo;eau<\/strong> :\u00a0<\/p><p>Nous installons et entretenons des syst\u00e8mes de traitement de l&rsquo;eau pour am\u00e9liorer la qualit\u00e9 de l&rsquo;eau de votre domicile. Adoucisseurs, filtres, et purificateurs sont quelques-unes des solutions que nous proposons pour une eau plus saine.<\/p>\t\t\t\t\t\t<\/div>\n\t\t\t\t<\/div>\n\t\t\t\t<\/div>\n\t\t\t\t\t<\/div>\n\t\t\t\t<\/div>\n\t\t<div class=\"elementor-element elementor-element-8db5386 e-flex e-con-boxed e-con e-parent\" data-id=\"8db5386\" data-element_type=\"container\">\n\t\t\t\t\t<div class=\"e-con-inner\">\n\t\t<div class=\"elementor-element elementor-element-3489471 e-con-full e-flex e-con e-child\" data-id=\"3489471\" data-element_type=\"container\">\n\t\t\t\t<div class=\"elementor-element elementor-element-aacd9a2 elementor-widget elementor-widget-text-editor\" data-id=\"aacd9a2\" data-element_type=\"widget\" data-widget_type=\"text-editor.default\">\n\t\t\t\t<div class=\"elementor-widget-container\">\n\t\t\t\t\t\t\t<p><strong>Chauffage et sanitaires<\/strong> :\u00a0<\/p><p>Nous installons, r\u00e9parons et entretenons vos \u00e9quipements de chauffage et sanitaires. Chauffe-eau, chaudi\u00e8res, radiateurs, ainsi que tous les \u00e9l\u00e9ments sanitaires (lavabos, douches, baignoires, WC) font partie de nos domaines de comp\u00e9tence.<\/p>\t\t\t\t\t\t<\/div>\n\t\t\t\t<\/div>\n\t\t\t\t<\/div>\n\t\t<div class=\"elementor-element elementor-element-4a61dfe e-con-full e-flex e-con e-child\" data-id=\"4a61dfe\" data-element_type=\"container\">\n\t\t\t\t<\/div>\n\t\t\t\t\t<\/div>\n\t\t\t\t<\/div>\n\t\t<div class=\"elementor-element elementor-element-67e1ca7 e-flex e-con-boxed e-con e-parent\" data-id=\"67e1ca7\" data-element_type=\"container\">\n\t\t\t\t\t<div class=\"e-con-inner\">\n\t\t\t\t<div class=\"elementor-element elementor-element-fd20325 elementor-widget elementor-widget-text-editor\" data-id=\"fd20325\" data-element_type=\"widget\" data-widget_type=\"text-editor.default\">\n\t\t\t\t<div class=\"elementor-widget-container\">\n\t\t\t\t\t\t\t<p>Nous nous engageons \u00e0 fournir des prestations de haute qualit\u00e9, adapt\u00e9es \u00e0 vos besoins. Faites confiance \u00e0 notre expertise pour des services rapides, efficaces et durables.&nbsp;<\/p><p>Contactez-nous d\u00e8s aujourd&rsquo;hui pour un devis gratuit ou pour toute intervention urgente.<\/p>\t\t\t\t\t\t<\/div>\n\t\t\t\t<\/div>\n\t\t\t\t\t<\/div>\n\t\t\t\t<\/div>\n\t\t\t\t<\/div>\n\t\t","protected":false},"excerpt":{"rendered":"<p>Chez ETS Plombier \u00e0 Clermont-Ferrand, nous offrons une large gamme de prestations pour r\u00e9pondre \u00e0 tous vos besoins en plomberie. Notre \u00e9quipe d&rsquo;experts est pr\u00eate \u00e0 intervenir pour des travaux &#8230;<\/p>\n","protected":false},"author":1,"featured_media":0,"parent":0,"menu_order":0,"comment_status":"closed","ping_status":"closed","template":"","meta":{"footnotes":""},"class_list":["post-196","page","type-page","status-publish","hentry"],"_links":{"self":[{"href":"https:\/\/ets-tournadre.fr\/index.php?rest_route=\/wp\/v2\/pages\/196","targetHints":{"allow":["GET"]}}],"collection":[{"href":"https:\/\/ets-tournadre.fr\/index.php?rest_route=\/wp\/v2\/pages"}],"about":[{"href":"https:\/\/ets-tournadre.fr\/index.php?rest_route=\/wp\/v2\/types\/page"}],"author":[{"embeddable":true,"href":"https:\/\/ets-tournadre.fr\/index.php?rest_route=\/wp\/v2\/users\/1"}],"replies":[{"embeddable":true,"href":"https:\/\/ets-tournadre.fr\/index.php?rest_route=%2Fwp%2Fv2%2Fcomments&post=196"}],"version-history":[{"count":4,"href":"https:\/\/ets-tournadre.fr\/index.php?rest_route=\/wp\/v2\/pages\/196\/revisions"}],"predecessor-version":[{"id":235,"href":"https:\/\/ets-tournadre.fr\/index.php?rest_route=\/wp\/v2\/pages\/196\/revisions\/235"}],"wp:attachment":[{"href":"https:\/\/ets-tournadre.fr\/index.php?rest_route=%2Fwp%2Fv2%2Fmedia&parent=196"}],"curies":[{"name":"wp","href":"https:\/\/api.w.org\/{rel}","templated":true}]}}