{"id":249,"date":"2024-06-25T13:33:32","date_gmt":"2024-06-25T11:33:32","guid":{"rendered":"https:\/\/ets-tournadre.fr\/?page_id=249"},"modified":"2024-07-01T17:44:07","modified_gmt":"2024-07-01T15:44:07","slug":"remplissez-votre-devis","status":"publish","type":"page","link":"https:\/\/ets-tournadre.fr\/?page_id=249","title":{"rendered":"Demande de devis"},"content":{"rendered":"\t\t<div data-elementor-type=\"wp-page\" data-elementor-id=\"249\" class=\"elementor elementor-249\">\n\t\t\t\t<div class=\"elementor-element elementor-element-a882cfc e-flex e-con-boxed e-con e-parent\" data-id=\"a882cfc\" data-element_type=\"container\">\n\t\t\t\t\t<div class=\"e-con-inner\">\n\t\t\t\t<div class=\"elementor-element elementor-element-0988a7b elementor-widget elementor-widget-text-editor\" data-id=\"0988a7b\" data-element_type=\"widget\" data-widget_type=\"text-editor.default\">\n\t\t\t\t<div class=\"elementor-widget-container\">\n\t\t\t<style>\/*! elementor - v3.22.0 - 26-06-2024 *\/\n.elementor-widget-text-editor.elementor-drop-cap-view-stacked .elementor-drop-cap{background-color:#69727d;color:#fff}.elementor-widget-text-editor.elementor-drop-cap-view-framed .elementor-drop-cap{color:#69727d;border:3px solid;background-color:transparent}.elementor-widget-text-editor:not(.elementor-drop-cap-view-default) .elementor-drop-cap{margin-top:8px}.elementor-widget-text-editor:not(.elementor-drop-cap-view-default) .elementor-drop-cap-letter{width:1em;height:1em}.elementor-widget-text-editor .elementor-drop-cap{float:left;text-align:center;line-height:1;font-size:50px}.elementor-widget-text-editor .elementor-drop-cap-letter{display:inline-block}<\/style>\t\t\t\t<h5><span style=\"color: #000000;\">Nous comprenons l&rsquo;importance d&rsquo;obtenir une estimation claire et pr\u00e9cise pour vos travaux de plomberie. C&rsquo;est pourquoi nous vous proposons de demander facilement votre devis gratuit en ligne.<\/span><\/h5><h5><span style=\"color: #000000;\">Que vous ayez besoin d&rsquo;une installation, d&rsquo;une r\u00e9paration, d&rsquo;une maintenance ou d&rsquo;une r\u00e9novation, notre \u00e9quipe est \u00e0 votre disposition pour \u00e9valuer vos besoins et vous fournir un devis d\u00e9taill\u00e9 et transparent.<\/span><\/h5>\t\t\t\t\t\t<\/div>\n\t\t\t\t<\/div>\n\t\t\t\t\t<\/div>\n\t\t\t\t<\/div>\n\t\t<div class=\"elementor-element elementor-element-f4be327 e-flex e-con-boxed e-con e-parent\" data-id=\"f4be327\" data-element_type=\"container\">\n\t\t\t\t\t<div class=\"e-con-inner\">\n\t\t<div class=\"elementor-element elementor-element-86dcd30 e-con-full e-flex e-con e-child\" data-id=\"86dcd30\" data-element_type=\"container\">\n\t\t\t\t<div class=\"elementor-element elementor-element-c06c5b0 elementor-widget elementor-widget-text-editor\" data-id=\"c06c5b0\" data-element_type=\"widget\" data-widget_type=\"text-editor.default\">\n\t\t\t\t<div class=\"elementor-widget-container\">\n\t\t\t\t\t\t\t<h2><span style=\"color: #000000;\"><strong>Pourquoi demander un devis chez nous ?<\/strong><\/span><\/h2><ul><li><span style=\"color: #000000;\"><strong>Rapidit\u00e9<\/strong><\/span> : Remplissez notre formulaire en quelques minutes et recevez votre devis personnalis\u00e9 dans les plus brefs d\u00e9lais.<\/li><li><span style=\"color: #000000;\"><strong>Transparence<\/strong><\/span> : Nos devis sont d\u00e9taill\u00e9s et sans surprise. Vous saurez exactement ce qui est inclus et \u00e0 quel prix.<\/li><li><span style=\"color: #000000;\"><strong>Expertise<\/strong><\/span> : Chaque devis est \u00e9tabli par nos experts en plomberie, assurant des solutions adapt\u00e9es \u00e0 vos besoins sp\u00e9cifiques.<\/li><li><span style=\"color: #000000;\"><strong>Gratuit et sans engagement<\/strong><\/span> : La demande de devis est enti\u00e8rement gratuite et ne vous engage \u00e0 rien. Vous \u00eates libre de comparer et de prendre la meilleure d\u00e9cision pour vos travaux.<\/li><\/ul>\t\t\t\t\t\t<\/div>\n\t\t\t\t<\/div>\n\t\t\t\t<\/div>\n\t\t<div class=\"elementor-element elementor-element-353bce8 e-con-full e-flex e-con e-child\" data-id=\"353bce8\" data-element_type=\"container\">\n\t\t\t\t<div class=\"elementor-element elementor-element-41b3334 elementor-widget elementor-widget-text-editor\" data-id=\"41b3334\" data-element_type=\"widget\" data-widget_type=\"text-editor.default\">\n\t\t\t\t<div class=\"elementor-widget-container\">\n\t\t\t\t\t\t\t<p><strong>Comment \u00e7a marche ?<\/strong><\/p><ol><li><strong>Remplissez le formulaire<\/strong> : Indiquez vos coordonn\u00e9es et d\u00e9crivez bri\u00e8vement votre projet ou votre probl\u00e8me de plomberie.<\/li><li><strong>Pr\u00e9cisez vos besoins<\/strong> : Ajoutez des d\u00e9tails tels que le type de travaux, l&rsquo;urgence de l&rsquo;intervention, et toute information pertinente pour une \u00e9valuation pr\u00e9cise.<\/li><li><strong>Recevez votre devis<\/strong> : Notre \u00e9quipe analysera votre demande et vous enverra un devis personnalis\u00e9 par e-mail.<\/li><\/ol>\t\t\t\t\t\t<\/div>\n\t\t\t\t<\/div>\n\t\t\t\t<\/div>\n\t\t\t\t\t<\/div>\n\t\t\t\t<\/div>\n\t\t<div class=\"elementor-element elementor-element-b9fb1d9 e-flex e-con-boxed e-con e-parent\" data-id=\"b9fb1d9\" data-element_type=\"container\">\n\t\t\t\t\t<div class=\"e-con-inner\">\n\t\t\t\t<div class=\"elementor-element elementor-element-fb8d45b elementor-widget elementor-widget-wpforms\" data-id=\"fb8d45b\" data-element_type=\"widget\" data-widget_type=\"wpforms.default\">\n\t\t\t\t<div class=\"elementor-widget-container\">\n\t\t\t<style id=\"wpforms-css-vars-root\">\n\t\t\t\t:root {\n\t\t\t\t\t--wpforms-field-border-radius: 3px;\n--wpforms-field-border-style: solid;\n--wpforms-field-border-size: 1px;\n--wpforms-field-background-color: #ffffff;\n--wpforms-field-border-color: rgba( 0, 0, 0, 0.25 );\n--wpforms-field-border-color-spare: rgba( 0, 0, 0, 0.25 );\n--wpforms-field-text-color: rgba( 0, 0, 0, 0.7 );\n--wpforms-field-menu-color: #ffffff;\n--wpforms-label-color: rgba( 0, 0, 0, 0.85 );\n--wpforms-label-sublabel-color: rgba( 0, 0, 0, 0.55 );\n--wpforms-label-error-color: #d63637;\n--wpforms-button-border-radius: 3px;\n--wpforms-button-border-style: none;\n--wpforms-button-border-size: 1px;\n--wpforms-button-background-color: #066aab;\n--wpforms-button-border-color: #066aab;\n--wpforms-button-text-color: #ffffff;\n--wpforms-page-break-color: #066aab;\n--wpforms-background-image: none;\n--wpforms-background-position: center center;\n--wpforms-background-repeat: no-repeat;\n--wpforms-background-size: cover;\n--wpforms-background-width: 100px;\n--wpforms-background-height: 100px;\n--wpforms-background-color: rgba( 0, 0, 0, 0 );\n--wpforms-background-url: none;\n--wpforms-container-padding: 0px;\n--wpforms-container-border-style: none;\n--wpforms-container-border-width: 1px;\n--wpforms-container-border-color: #000000;\n--wpforms-container-border-radius: 3px;\n--wpforms-field-size-input-height: 43px;\n--wpforms-field-size-input-spacing: 15px;\n--wpforms-field-size-font-size: 16px;\n--wpforms-field-size-line-height: 19px;\n--wpforms-field-size-padding-h: 14px;\n--wpforms-field-size-checkbox-size: 16px;\n--wpforms-field-size-sublabel-spacing: 5px;\n--wpforms-field-size-icon-size: 1;\n--wpforms-label-size-font-size: 16px;\n--wpforms-label-size-line-height: 19px;\n--wpforms-label-size-sublabel-font-size: 14px;\n--wpforms-label-size-sublabel-line-height: 17px;\n--wpforms-button-size-font-size: 17px;\n--wpforms-button-size-height: 41px;\n--wpforms-button-size-padding-h: 15px;\n--wpforms-button-size-margin-top: 10px;\n--wpforms-container-shadow-size-box-shadow: none;\n\n\t\t\t\t}\n\t\t\t<\/style><style id=\"wpforms-css-vars-elementor-widget-fb8d45b\">\n\t\t\t\t.elementor-widget-wpforms.elementor-element-fb8d45b {\n\t\t\t\t\t--wpforms-field-size-input-height: 43px;\n--wpforms-field-size-input-spacing: 15px;\n--wpforms-field-size-font-size: 16px;\n--wpforms-field-size-line-height: 19px;\n--wpforms-field-size-padding-h: 14px;\n--wpforms-field-size-checkbox-size: 16px;\n--wpforms-field-size-sublabel-spacing: 5px;\n--wpforms-field-size-icon-size: 1;\n--wpforms-label-size-font-size: 16px;\n--wpforms-label-size-line-height: 19px;\n--wpforms-label-size-sublabel-font-size: 14px;\n--wpforms-label-size-sublabel-line-height: 17px;\n--wpforms-button-size-font-size: 17px;\n--wpforms-button-size-height: 41px;\n--wpforms-button-size-padding-h: 15px;\n--wpforms-button-size-margin-top: 10px;\n\n\t\t\t\t}\n\t\t\t<\/style><div class=\"wpforms-container wpforms-container-full wpforms-render-modern\" id=\"wpforms-242\"><form id=\"wpforms-form-242\" class=\"wpforms-validate wpforms-form wpforms-ajax-form\" data-formid=\"242\" method=\"post\" enctype=\"multipart\/form-data\" action=\"\/index.php?rest_route=%2Fwp%2Fv2%2Fpages%2F249\" data-token=\"de9ddee76a46ae86adaf47ffa63a99ab\" data-token-time=\"1775440900\"><noscript class=\"wpforms-error-noscript\">Veuillez activer JavaScript dans votre navigateur pour remplir ce formulaire.<\/noscript><div class=\"wpforms-hidden\" id=\"wpforms-error-noscript\">Veuillez activer JavaScript dans votre navigateur pour remplir ce formulaire.<\/div><div class=\"wpforms-field-container\"><div id=\"wpforms-242-field_0-container\" class=\"wpforms-field wpforms-field-name\" data-field-id=\"0\"><fieldset><legend class=\"wpforms-field-label\">Nom <span class=\"wpforms-required-label\" aria-hidden=\"true\">*<\/span><\/legend><div class=\"wpforms-field-row wpforms-field-medium\"><div class=\"wpforms-field-row-block wpforms-first wpforms-one-half\"><input type=\"text\" id=\"wpforms-242-field_0\" class=\"wpforms-field-name-first wpforms-field-required\" name=\"wpforms[fields][0][first]\" aria-errormessage=\"wpforms-242-field_0-error\" required><label for=\"wpforms-242-field_0\" class=\"wpforms-field-sublabel after\">Pr\u00e9nom<\/label><\/div><div class=\"wpforms-field-row-block wpforms-one-half\"><input type=\"text\" id=\"wpforms-242-field_0-last\" class=\"wpforms-field-name-last wpforms-field-required\" name=\"wpforms[fields][0][last]\" aria-errormessage=\"wpforms-242-field_0-last-error\" required><label for=\"wpforms-242-field_0-last\" class=\"wpforms-field-sublabel after\">Nom<\/label><\/div><\/div><\/fieldset><\/div><div id=\"wpforms-242-field_1-container\" class=\"wpforms-field wpforms-field-email\" data-field-id=\"1\"><label class=\"wpforms-field-label\" for=\"wpforms-242-field_1\">E-mail <span class=\"wpforms-required-label\" aria-hidden=\"true\">*<\/span><\/label><input type=\"email\" id=\"wpforms-242-field_1\" class=\"wpforms-field-medium wpforms-field-required\" name=\"wpforms[fields][1]\" spellcheck=\"false\" aria-errormessage=\"wpforms-242-field_1-error\" required><\/div><div id=\"wpforms-242-field_3-container\" class=\"wpforms-field wpforms-field-radio\" data-field-id=\"3\"><fieldset><legend class=\"wpforms-field-label\">Types de services<\/legend><ul id=\"wpforms-242-field_3\"><li class=\"choice-1 depth-1\"><input type=\"radio\" id=\"wpforms-242-field_3_1\" name=\"wpforms[fields][3]\" value=\"Plomberie\" aria-errormessage=\"wpforms-242-field_3_1-error\"  ><label class=\"wpforms-field-label-inline\" for=\"wpforms-242-field_3_1\">Plomberie<\/label><\/li><li class=\"choice-2 depth-1\"><input type=\"radio\" id=\"wpforms-242-field_3_2\" name=\"wpforms[fields][3]\" value=\"Chauffage\" aria-errormessage=\"wpforms-242-field_3_2-error\"  ><label class=\"wpforms-field-label-inline\" for=\"wpforms-242-field_3_2\">Chauffage<\/label><\/li><li class=\"choice-3 depth-1\"><input type=\"radio\" id=\"wpforms-242-field_3_3\" name=\"wpforms[fields][3]\" value=\"Salle de bain\" aria-errormessage=\"wpforms-242-field_3_3-error\"  ><label class=\"wpforms-field-label-inline\" for=\"wpforms-242-field_3_3\">Salle de bain<\/label><\/li><li class=\"choice-4 depth-1\"><input type=\"radio\" id=\"wpforms-242-field_3_4\" name=\"wpforms[fields][3]\" value=\"Couverture\" aria-errormessage=\"wpforms-242-field_3_4-error\"  ><label class=\"wpforms-field-label-inline\" for=\"wpforms-242-field_3_4\">Couverture<\/label><\/li><li class=\"choice-6 depth-1\"><input type=\"radio\" id=\"wpforms-242-field_3_6\" name=\"wpforms[fields][3]\" value=\"Isolation des combles\" aria-errormessage=\"wpforms-242-field_3_6-error\"  ><label class=\"wpforms-field-label-inline\" for=\"wpforms-242-field_3_6\">Isolation des combles<\/label><\/li><li class=\"choice-5 depth-1\"><input type=\"radio\" id=\"wpforms-242-field_3_5\" name=\"wpforms[fields][3]\" value=\"Fen\u00eatres de toit\" aria-errormessage=\"wpforms-242-field_3_5-error\"  ><label class=\"wpforms-field-label-inline\" for=\"wpforms-242-field_3_5\">Fen\u00eatres de toit<\/label><\/li><\/ul><\/fieldset><\/div><div id=\"wpforms-242-field_2-container\" class=\"wpforms-field wpforms-field-textarea\" data-field-id=\"2\"><label class=\"wpforms-field-label\" for=\"wpforms-242-field_2\">Commentaire ou message<\/label><textarea id=\"wpforms-242-field_2\" class=\"wpforms-field-medium\" name=\"wpforms[fields][2]\" aria-errormessage=\"wpforms-242-field_2-error\" ><\/textarea><\/div><\/div><!-- .wpforms-field-container --><div class=\"wpforms-submit-container\" ><input type=\"hidden\" name=\"wpforms[id]\" value=\"242\"><input type=\"hidden\" name=\"page_title\" value=\"\"><input type=\"hidden\" name=\"page_url\" value=\"https:\/\/ets-tournadre.fr\/index.php?rest_route=%2Fwp%2Fv2%2Fpages%2F249\"><button type=\"submit\" name=\"wpforms[submit]\" id=\"wpforms-submit-242\" class=\"wpforms-submit\" data-alt-text=\"Envoi...\" data-submit-text=\"Envoyer\" aria-live=\"assertive\" value=\"wpforms-submit\">Envoyer<\/button><img decoding=\"async\" src=\"https:\/\/ets-tournadre.fr\/wp-content\/plugins\/wpforms-lite\/assets\/images\/submit-spin.svg\" class=\"wpforms-submit-spinner\" style=\"display: none;\" width=\"26\" height=\"26\" alt=\"Chargement en cours\"><\/div><\/form><\/div>  <!-- .wpforms-container -->\t\t<\/div>\n\t\t\t\t<\/div>\n\t\t\t\t<div class=\"elementor-element elementor-element-087233e elementor-widget elementor-widget-text-editor\" data-id=\"087233e\" data-element_type=\"widget\" data-widget_type=\"text-editor.default\">\n\t\t\t\t<div class=\"elementor-widget-container\">\n\t\t\t\t\t\t\t<p><strong>Besoin d&rsquo;aide ?<\/strong>\u00a0<\/p><p><span style=\"font-family: var( --e-global-typography-text-font-family ), Sans-serif; font-weight: var( --e-global-typography-text-font-weight ); font-size: 0.875rem;\">Si vous avez des questions ou si vous pr\u00e9f\u00e9rez discuter de votre projet directement avec un de nos experts, n&rsquo;h\u00e9sitez pas \u00e0 nous contacter par t\u00e9l\u00e9phone ou via notre formulaire de contact.<\/span><\/p><p>Faites le premier pas vers des solutions de plomberie fiables et efficaces. Remplissez notre formulaire de devis gratuit d\u00e8s aujourd&rsquo;hui et laissez ETS Tournadre \u00e0 Clermont-Ferrand prendre soin de vos besoins en plomberie avec professionnalisme et comp\u00e9tence.<\/p>\t\t\t\t\t\t<\/div>\n\t\t\t\t<\/div>\n\t\t\t\t\t<\/div>\n\t\t\t\t<\/div>\n\t\t<div class=\"elementor-element elementor-element-76daa56 e-flex e-con-boxed e-con e-parent\" data-id=\"76daa56\" data-element_type=\"container\">\n\t\t\t\t\t<div class=\"e-con-inner\">\n\t\t\t\t\t<\/div>\n\t\t\t\t<\/div>\n\t\t\t\t<\/div>\n\t\t","protected":false},"excerpt":{"rendered":"<p>Nous comprenons l&rsquo;importance d&rsquo;obtenir une estimation claire et pr\u00e9cise pour vos travaux de plomberie. C&rsquo;est pourquoi nous vous proposons de demander facilement votre devis gratuit en ligne. Que vous ayez &#8230;<\/p>\n","protected":false},"author":1,"featured_media":0,"parent":0,"menu_order":0,"comment_status":"closed","ping_status":"closed","template":"","meta":{"footnotes":""},"class_list":["post-249","page","type-page","status-publish","hentry"],"_links":{"self":[{"href":"https:\/\/ets-tournadre.fr\/index.php?rest_route=\/wp\/v2\/pages\/249","targetHints":{"allow":["GET"]}}],"collection":[{"href":"https:\/\/ets-tournadre.fr\/index.php?rest_route=\/wp\/v2\/pages"}],"about":[{"href":"https:\/\/ets-tournadre.fr\/index.php?rest_route=\/wp\/v2\/types\/page"}],"author":[{"embeddable":true,"href":"https:\/\/ets-tournadre.fr\/index.php?rest_route=\/wp\/v2\/users\/1"}],"replies":[{"embeddable":true,"href":"https:\/\/ets-tournadre.fr\/index.php?rest_route=%2Fwp%2Fv2%2Fcomments&post=249"}],"version-history":[{"count":32,"href":"https:\/\/ets-tournadre.fr\/index.php?rest_route=\/wp\/v2\/pages\/249\/revisions"}],"predecessor-version":[{"id":345,"href":"https:\/\/ets-tournadre.fr\/index.php?rest_route=\/wp\/v2\/pages\/249\/revisions\/345"}],"wp:attachment":[{"href":"https:\/\/ets-tournadre.fr\/index.php?rest_route=%2Fwp%2Fv2%2Fmedia&parent=249"}],"curies":[{"name":"wp","href":"https:\/\/api.w.org\/{rel}","templated":true}]}}