{"id":39,"date":"2024-06-17T18:18:38","date_gmt":"2024-06-17T16:18:38","guid":{"rendered":"https:\/\/ets-tournadre.fr\/?page_id=39"},"modified":"2024-06-24T16:50:04","modified_gmt":"2024-06-24T14:50:04","slug":"isolation-des-combles","status":"publish","type":"page","link":"https:\/\/ets-tournadre.fr\/?page_id=39","title":{"rendered":"Isolation des combles"},"content":{"rendered":"\t\t<div data-elementor-type=\"wp-page\" data-elementor-id=\"39\" class=\"elementor elementor-39\">\n\t\t\t\t<div class=\"elementor-element elementor-element-b924fb5 e-flex e-con-boxed e-con e-parent\" data-id=\"b924fb5\" data-element_type=\"container\">\n\t\t\t\t\t<div class=\"e-con-inner\">\n\t\t\t\t<div class=\"elementor-element elementor-element-9eeaf10 elementor-widget elementor-widget-image\" data-id=\"9eeaf10\" data-element_type=\"widget\" data-widget_type=\"image.default\">\n\t\t\t\t<div class=\"elementor-widget-container\">\n\t\t\t<style>\/*! elementor - v3.22.0 - 26-06-2024 *\/\n.elementor-widget-image{text-align:center}.elementor-widget-image a{display:inline-block}.elementor-widget-image a img[src$=\".svg\"]{width:48px}.elementor-widget-image img{vertical-align:middle;display:inline-block}<\/style>\t\t\t\t\t\t\t\t\t\t<img fetchpriority=\"high\" decoding=\"async\" width=\"800\" height=\"407\" src=\"https:\/\/ets-tournadre.fr\/wp-content\/uploads\/2024\/06\/image_123650291-4-1024x521.jpg\" class=\"attachment-large size-large wp-image-83\" alt=\"\" srcset=\"https:\/\/ets-tournadre.fr\/wp-content\/uploads\/2024\/06\/image_123650291-4-1024x521.jpg 1024w, https:\/\/ets-tournadre.fr\/wp-content\/uploads\/2024\/06\/image_123650291-4-300x153.jpg 300w, https:\/\/ets-tournadre.fr\/wp-content\/uploads\/2024\/06\/image_123650291-4-768x391.jpg 768w, https:\/\/ets-tournadre.fr\/wp-content\/uploads\/2024\/06\/elementor\/thumbs\/image_123650291-4-qq4ezgmgr0fl9mdlt863qql12slf29n434prcse7rc.jpg 40w, https:\/\/ets-tournadre.fr\/wp-content\/uploads\/2024\/06\/image_123650291-4.jpg 1170w\" sizes=\"(max-width: 800px) 100vw, 800px\" \/>\t\t\t\t\t\t\t\t\t\t\t\t\t<\/div>\n\t\t\t\t<\/div>\n\t\t\t\t\t<\/div>\n\t\t\t\t<\/div>\n\t\t<div class=\"elementor-element elementor-element-f0cbc12 e-con-full e-flex e-con e-parent\" data-id=\"f0cbc12\" data-element_type=\"container\" data-settings=\"{&quot;background_background&quot;:&quot;classic&quot;}\">\n\t\t<div class=\"elementor-element elementor-element-44823c1a e-con-full e-flex e-con e-child\" data-id=\"44823c1a\" data-element_type=\"container\">\n\t\t\t\t<div class=\"elementor-element elementor-element-9709382 elementor-widget elementor-widget-heading\" data-id=\"9709382\" data-element_type=\"widget\" data-widget_type=\"heading.default\">\n\t\t\t\t<div class=\"elementor-widget-container\">\n\t\t\t<style>\/*! elementor - v3.22.0 - 26-06-2024 *\/\n.elementor-heading-title{padding:0;margin:0;line-height:1}.elementor-widget-heading .elementor-heading-title[class*=elementor-size-]>a{color:inherit;font-size:inherit;line-height:inherit}.elementor-widget-heading .elementor-heading-title.elementor-size-small{font-size:15px}.elementor-widget-heading .elementor-heading-title.elementor-size-medium{font-size:19px}.elementor-widget-heading .elementor-heading-title.elementor-size-large{font-size:29px}.elementor-widget-heading .elementor-heading-title.elementor-size-xl{font-size:39px}.elementor-widget-heading .elementor-heading-title.elementor-size-xxl{font-size:59px}<\/style><h2 class=\"elementor-heading-title elementor-size-default\">Isolation des combles \u00e0 Clermont-Ferrand<\/h2>\t\t<\/div>\n\t\t\t\t<\/div>\n\t\t\t\t<\/div>\n\t\t\t\t<\/div>\n\t\t<div class=\"elementor-element elementor-element-59959ac e-con-full e-flex e-con e-parent\" data-id=\"59959ac\" data-element_type=\"container\" data-settings=\"{&quot;background_background&quot;:&quot;classic&quot;}\">\n\t\t\t\t<\/div>\n\t\t<div class=\"elementor-element elementor-element-7b5cb2f e-flex e-con-boxed e-con e-parent\" data-id=\"7b5cb2f\" data-element_type=\"container\">\n\t\t\t\t\t<div class=\"e-con-inner\">\n\t\t<div class=\"elementor-element elementor-element-c7d0a23 e-con-full e-flex e-con e-child\" data-id=\"c7d0a23\" data-element_type=\"container\">\n\t\t<div class=\"elementor-element elementor-element-27f60b6 e-con-full e-flex e-con e-child\" data-id=\"27f60b6\" data-element_type=\"container\">\n\t\t\t\t<\/div>\n\t\t\t\t<\/div>\n\t\t<div class=\"elementor-element elementor-element-04c43f7 e-con-full e-flex e-con e-child\" data-id=\"04c43f7\" data-element_type=\"container\">\n\t\t\t\t<\/div>\n\t\t\t\t\t<\/div>\n\t\t\t\t<\/div>\n\t\t<div class=\"elementor-element elementor-element-a130f52 e-flex e-con-boxed e-con e-parent\" data-id=\"a130f52\" data-element_type=\"container\">\n\t\t\t\t\t<div class=\"e-con-inner\">\n\t\t<div class=\"elementor-element elementor-element-c84f52f e-con-full e-flex e-con e-child\" data-id=\"c84f52f\" data-element_type=\"container\">\n\t\t\t\t<\/div>\n\t\t<div class=\"elementor-element elementor-element-d766f77 e-con-full e-flex e-con e-child\" data-id=\"d766f77\" data-element_type=\"container\">\n\t\t\t\t<\/div>\n\t\t\t\t\t<\/div>\n\t\t\t\t<\/div>\n\t\t<div class=\"elementor-element elementor-element-81d7697 e-flex e-con-boxed e-con e-parent\" data-id=\"81d7697\" data-element_type=\"container\">\n\t\t\t\t\t<div class=\"e-con-inner\">\n\t\t\t\t\t<\/div>\n\t\t\t\t<\/div>\n\t\t<div class=\"elementor-element elementor-element-df8aae6 e-con-full e-flex e-con e-parent\" data-id=\"df8aae6\" data-element_type=\"container\">\n\t\t\t\t<div class=\"elementor-element elementor-element-94ebd92 elementor-widget elementor-widget-heading\" data-id=\"94ebd92\" data-element_type=\"widget\" data-widget_type=\"heading.default\">\n\t\t\t\t<div class=\"elementor-widget-container\">\n\t\t\t<h2 class=\"elementor-heading-title elementor-size-default\">Isolation des combles \u00e0 Clermont-Ferrand<\/h2>\t\t<\/div>\n\t\t\t\t<\/div>\n\t\t\t\t<\/div>\n\t\t<div class=\"elementor-element elementor-element-15902ac e-flex e-con-boxed e-con e-parent\" data-id=\"15902ac\" data-element_type=\"container\">\n\t\t\t\t\t<div class=\"e-con-inner\">\n\t\t<div class=\"elementor-element elementor-element-ee243cd e-con-full e-flex e-con e-child\" data-id=\"ee243cd\" data-element_type=\"container\">\n\t\t\t\t<div class=\"elementor-element elementor-element-fe11b65 elementor-widget elementor-widget-heading\" data-id=\"fe11b65\" data-element_type=\"widget\" data-widget_type=\"heading.default\">\n\t\t\t\t<div class=\"elementor-widget-container\">\n\t\t\t<h2 class=\"elementor-heading-title elementor-size-default\">Nos services<\/h2>\t\t<\/div>\n\t\t\t\t<\/div>\n\t\t\t\t<\/div>\n\t\t<div class=\"elementor-element elementor-element-00fc47f e-con-full e-flex e-con e-child\" data-id=\"00fc47f\" data-element_type=\"container\">\n\t\t\t\t<\/div>\n\t\t\t\t\t<\/div>\n\t\t\t\t<\/div>\n\t\t<div class=\"elementor-element elementor-element-a519826 e-flex e-con-boxed e-con e-parent\" data-id=\"a519826\" data-element_type=\"container\">\n\t\t\t\t\t<div class=\"e-con-inner\">\n\t\t<div class=\"elementor-element elementor-element-f700956 e-con-full e-flex e-con e-child\" data-id=\"f700956\" data-element_type=\"container\">\n\t\t\t\t<div class=\"elementor-element elementor-element-bd52c69 elementor-widget elementor-widget-text-editor\" data-id=\"bd52c69\" data-element_type=\"widget\" data-widget_type=\"text-editor.default\">\n\t\t\t\t<div class=\"elementor-widget-container\">\n\t\t\t<style>\/*! elementor - v3.22.0 - 26-06-2024 *\/\n.elementor-widget-text-editor.elementor-drop-cap-view-stacked .elementor-drop-cap{background-color:#69727d;color:#fff}.elementor-widget-text-editor.elementor-drop-cap-view-framed .elementor-drop-cap{color:#69727d;border:3px solid;background-color:transparent}.elementor-widget-text-editor:not(.elementor-drop-cap-view-default) .elementor-drop-cap{margin-top:8px}.elementor-widget-text-editor:not(.elementor-drop-cap-view-default) .elementor-drop-cap-letter{width:1em;height:1em}.elementor-widget-text-editor .elementor-drop-cap{float:left;text-align:center;line-height:1;font-size:50px}.elementor-widget-text-editor .elementor-drop-cap-letter{display:inline-block}<\/style>\t\t\t\t<ul class=\"innerList defaultList\"><li>Laine souffl\u00e9e<\/li><li>Intervention par l&rsquo;ext\u00e9rieur<\/li><li>Pose de panneaux<\/li><li>Clients<\/li><li>Particuliers<\/li><li>Professionnels<\/li><li>Syndic de copropri\u00e9t\u00e9s<\/li><\/ul>\t\t\t\t\t\t<\/div>\n\t\t\t\t<\/div>\n\t\t\t\t<\/div>\n\t\t<div class=\"elementor-element elementor-element-45d1882 e-con-full e-flex e-con e-child\" data-id=\"45d1882\" data-element_type=\"container\">\n\t\t\t\t<div class=\"elementor-element elementor-element-692b8e0 elementor-widget elementor-widget-image\" data-id=\"692b8e0\" data-element_type=\"widget\" data-widget_type=\"image.default\">\n\t\t\t\t<div class=\"elementor-widget-container\">\n\t\t\t\t\t\t\t\t\t\t\t\t\t<img fetchpriority=\"high\" decoding=\"async\" width=\"800\" height=\"407\" src=\"https:\/\/ets-tournadre.fr\/wp-content\/uploads\/2024\/06\/image_123650291-4-1024x521.jpg\" class=\"attachment-large size-large wp-image-83\" alt=\"\" srcset=\"https:\/\/ets-tournadre.fr\/wp-content\/uploads\/2024\/06\/image_123650291-4-1024x521.jpg 1024w, https:\/\/ets-tournadre.fr\/wp-content\/uploads\/2024\/06\/image_123650291-4-300x153.jpg 300w, https:\/\/ets-tournadre.fr\/wp-content\/uploads\/2024\/06\/image_123650291-4-768x391.jpg 768w, https:\/\/ets-tournadre.fr\/wp-content\/uploads\/2024\/06\/elementor\/thumbs\/image_123650291-4-qq4ezgmgr0fl9mdlt863qql12slf29n434prcse7rc.jpg 40w, https:\/\/ets-tournadre.fr\/wp-content\/uploads\/2024\/06\/image_123650291-4.jpg 1170w\" sizes=\"(max-width: 800px) 100vw, 800px\" \/>\t\t\t\t\t\t\t\t\t\t\t\t\t<\/div>\n\t\t\t\t<\/div>\n\t\t\t\t<\/div>\n\t\t\t\t\t<\/div>\n\t\t\t\t<\/div>\n\t\t<div class=\"elementor-element elementor-element-a1e5e87 e-flex e-con-boxed e-con e-parent\" data-id=\"a1e5e87\" data-element_type=\"container\">\n\t\t\t\t\t<div class=\"e-con-inner\">\n\t\t<div class=\"elementor-element elementor-element-f7259fd e-con-full e-flex e-con e-child\" data-id=\"f7259fd\" data-element_type=\"container\">\n\t\t\t\t<div class=\"elementor-element elementor-element-8e3ad18 elementor-align-center elementor-widget elementor-widget-button\" data-id=\"8e3ad18\" data-element_type=\"widget\" data-widget_type=\"button.default\">\n\t\t\t\t<div class=\"elementor-widget-container\">\n\t\t\t\t\t<div class=\"elementor-button-wrapper\">\n\t\t\t<a class=\"elementor-button elementor-button-link elementor-size-sm\" href=\"#\">\n\t\t\t\t\t\t<span class=\"elementor-button-content-wrapper\">\n\t\t\t\t\t\t\t\t\t<span class=\"elementor-button-text\">Contactez-nous<\/span>\n\t\t\t\t\t<\/span>\n\t\t\t\t\t<\/a>\n\t\t<\/div>\n\t\t\t\t<\/div>\n\t\t\t\t<\/div>\n\t\t\t\t<\/div>\n\t\t<div class=\"elementor-element elementor-element-c9057b3 e-con-full e-flex e-con e-child\" data-id=\"c9057b3\" data-element_type=\"container\">\n\t\t\t\t<\/div>\n\t\t\t\t\t<\/div>\n\t\t\t\t<\/div>\n\t\t<div class=\"elementor-element elementor-element-20343d3 e-flex e-con-boxed e-con e-parent\" data-id=\"20343d3\" data-element_type=\"container\">\n\t\t\t\t\t<div class=\"e-con-inner\">\n\t\t\t\t<div class=\"elementor-element elementor-element-1c576e7 elementor-widget elementor-widget-heading\" data-id=\"1c576e7\" data-element_type=\"widget\" data-widget_type=\"heading.default\">\n\t\t\t\t<div class=\"elementor-widget-container\">\n\t\t\t<h2 class=\"elementor-heading-title elementor-size-default\">Certification, agr\u00e9ment...<\/h2>\t\t<\/div>\n\t\t\t\t<\/div>\n\t\t\t\t\t<\/div>\n\t\t\t\t<\/div>\n\t\t\t\t<\/div>\n\t\t","protected":false},"excerpt":{"rendered":"<p>Isolation des combles \u00e0 Clermont-Ferrand Isolation des combles \u00e0 Clermont-Ferrand Nos services Laine souffl\u00e9e Intervention par l&rsquo;ext\u00e9rieur Pose de panneaux Clients Particuliers Professionnels Syndic de copropri\u00e9t\u00e9s Contactez-nous Certification, agr\u00e9ment&#8230;<\/p>\n","protected":false},"author":1,"featured_media":0,"parent":0,"menu_order":0,"comment_status":"closed","ping_status":"closed","template":"elementor_header_footer","meta":{"footnotes":""},"class_list":["post-39","page","type-page","status-publish","hentry"],"_links":{"self":[{"href":"https:\/\/ets-tournadre.fr\/index.php?rest_route=\/wp\/v2\/pages\/39","targetHints":{"allow":["GET"]}}],"collection":[{"href":"https:\/\/ets-tournadre.fr\/index.php?rest_route=\/wp\/v2\/pages"}],"about":[{"href":"https:\/\/ets-tournadre.fr\/index.php?rest_route=\/wp\/v2\/types\/page"}],"author":[{"embeddable":true,"href":"https:\/\/ets-tournadre.fr\/index.php?rest_route=\/wp\/v2\/users\/1"}],"replies":[{"embeddable":true,"href":"https:\/\/ets-tournadre.fr\/index.php?rest_route=%2Fwp%2Fv2%2Fcomments&post=39"}],"version-history":[{"count":13,"href":"https:\/\/ets-tournadre.fr\/index.php?rest_route=\/wp\/v2\/pages\/39\/revisions"}],"predecessor-version":[{"id":168,"href":"https:\/\/ets-tournadre.fr\/index.php?rest_route=\/wp\/v2\/pages\/39\/revisions\/168"}],"wp:attachment":[{"href":"https:\/\/ets-tournadre.fr\/index.php?rest_route=%2Fwp%2Fv2%2Fmedia&parent=39"}],"curies":[{"name":"wp","href":"https:\/\/api.w.org\/{rel}","templated":true}]}}